{"id":14846,"date":"2023-03-15T13:20:45","date_gmt":"2023-03-15T13:20:45","guid":{"rendered":"https:\/\/ferrangarreta.net\/filosofia\/"},"modified":"2023-12-04T21:24:49","modified_gmt":"2023-12-04T21:24:49","slug":"filosofia","status":"publish","type":"page","link":"https:\/\/www.ferrangarreta.com\/es\/filosofia\/","title":{"rendered":"Filosof\u00eda"},"content":{"rendered":"\t\t<div data-elementor-type=\"wp-page\" data-elementor-id=\"14846\" class=\"elementor elementor-14846 elementor-1487\" data-elementor-post-type=\"page\">\n\t\t\t\t\t\t<section class=\"elementor-section elementor-top-section elementor-element elementor-element-219fa41 elementor-section-full_width elementor-section-height-default elementor-section-height-default\" data-id=\"219fa41\" data-element_type=\"section\" data-e-type=\"section\" data-settings=\"{&quot;background_background&quot;:&quot;classic&quot;}\">\n\t\t\t\t\t\t\t<div class=\"elementor-background-overlay\"><\/div>\n\t\t\t\t\t\t\t<div class=\"elementor-container elementor-column-gap-default\">\n\t\t\t\t\t<div class=\"elementor-column elementor-col-100 elementor-top-column elementor-element elementor-element-9e2b01c\" data-id=\"9e2b01c\" data-element_type=\"column\" data-e-type=\"column\">\n\t\t\t<div class=\"elementor-widget-wrap elementor-element-populated\">\n\t\t\t\t\t\t<div class=\"elementor-element elementor-element-02b3f97 elementor--h-position-left elementor--v-position-bottom elementor-arrows-position-inside elementor-pagination-position-inside elementor-widget elementor-widget-slides\" data-id=\"02b3f97\" data-element_type=\"widget\" data-e-type=\"widget\" data-settings=\"{&quot;navigation&quot;:&quot;both&quot;,&quot;autoplay&quot;:&quot;yes&quot;,&quot;pause_on_hover&quot;:&quot;yes&quot;,&quot;pause_on_interaction&quot;:&quot;yes&quot;,&quot;autoplay_speed&quot;:5000,&quot;infinite&quot;:&quot;yes&quot;,&quot;transition&quot;:&quot;slide&quot;,&quot;transition_speed&quot;:500}\" data-widget_type=\"slides.default\">\n\t\t\t\t<div class=\"elementor-widget-container\">\n\t\t\t\t\t\t\t\t\t<div class=\"elementor-swiper\">\n\t\t\t\t\t<div class=\"elementor-slides-wrapper elementor-main-swiper swiper\" role=\"region\" aria-roledescription=\"carousel\" aria-label=\"Diapositivas\" dir=\"ltr\" data-animation=\"fadeInUp\">\n\t\t\t\t<div class=\"swiper-wrapper elementor-slides\">\n\t\t\t\t\t\t\t\t\t\t<div class=\"elementor-repeater-item-85eb97b swiper-slide\" role=\"group\" aria-roledescription=\"slide\"><div class=\"swiper-slide-bg\" role=\"img\" aria-label=\"JP1. Yellow gold pendant and blue topaz.\"><\/div><div class=\"swiper-slide-inner\" ><div class=\"swiper-slide-contents\"><div class=\"elementor-slide-heading\">Filosof\u00eda<\/div><\/div><\/div><\/div>\t\t\t\t<\/div>\n\t\t\t\t\t\t\t<\/div>\n\t\t\t\t<\/div>\n\t\t\t\t\t\t\t\t<\/div>\n\t\t\t\t<\/div>\n\t\t\t\t\t<\/div>\n\t\t<\/div>\n\t\t\t\t\t<\/div>\n\t\t<\/section>\n\t\t\t\t<section class=\"elementor-section elementor-top-section elementor-element elementor-element-aa6a185 elementor-section-full_width elementor-section-height-default elementor-section-height-default\" data-id=\"aa6a185\" data-element_type=\"section\" data-e-type=\"section\">\n\t\t\t\t\t\t<div class=\"elementor-container elementor-column-gap-default\">\n\t\t\t\t\t<div class=\"elementor-column elementor-col-100 elementor-top-column elementor-element elementor-element-3a207c0\" data-id=\"3a207c0\" data-element_type=\"column\" data-e-type=\"column\">\n\t\t\t<div class=\"elementor-widget-wrap elementor-element-populated\">\n\t\t\t\t\t\t<section class=\"elementor-section elementor-inner-section elementor-element elementor-element-720c1bc elementor-section-boxed elementor-section-height-default elementor-section-height-default\" data-id=\"720c1bc\" data-element_type=\"section\" data-e-type=\"section\">\n\t\t\t\t\t\t<div class=\"elementor-container elementor-column-gap-default\">\n\t\t\t\t\t<div class=\"elementor-column elementor-col-100 elementor-inner-column elementor-element elementor-element-ec487f4\" data-id=\"ec487f4\" data-element_type=\"column\" data-e-type=\"column\">\n\t\t\t<div class=\"elementor-widget-wrap elementor-element-populated\">\n\t\t\t\t\t\t<div class=\"elementor-element elementor-element-92d3ca1 elementor-widget elementor-widget-heading\" data-id=\"92d3ca1\" data-element_type=\"widget\" data-e-type=\"widget\" data-widget_type=\"heading.default\">\n\t\t\t\t<div class=\"elementor-widget-container\">\n\t\t\t\t\t<h2 class=\"elementor-heading-title elementor-size-default\">La empresa Ferran\nGarreta ha integrado\nen su trayectoria\nun gran abanico de\ndisciplinas asociadas\nal oficio de los metales\nart\u00edsticos, hecho que la\nconvierte en un caso\nins\u00f3lito.<\/h2>\t\t\t\t<\/div>\n\t\t\t\t<\/div>\n\t\t\t\t<div class=\"elementor-element elementor-element-5096205 elementor-widget elementor-widget-text-editor\" data-id=\"5096205\" data-element_type=\"widget\" data-e-type=\"widget\" data-widget_type=\"text-editor.default\">\n\t\t\t\t<div class=\"elementor-widget-container\">\n\t\t\t\t\t\t\t\t\t<p>Cada uno de los miembros de la empresa, ha sumado al legado de la tradici\u00f3n, nuevas modalidades que han permitido una evoluci\u00f3n constante de la empresa. As\u00ed se complementan tradici\u00f3n y modernidad con la finalidad de dar respuesta a la demanda actual.<\/p>\n<p>Nuestro compromiso es la creaci\u00f3n de trabajos realizados \u00edntegramente a mano. Esto implica un v\u00ednculo afectuoso con cada obra, convirti\u00e9ndola en una pieza \u00fanica. Artesan\u00eda, creatividad y t\u00e9cnica son los tres pilares de nuestra empresa.<\/p>\n<p>Para nosotros, el trabajo en equipo es fundamental; es el crisol donde se unen las diferentes especialidades para enriquecer nuestro trabajo. El di\u00e1logo constante de los componentes de la empresa, beneficia, en definitiva, el resultado del trabajo.<\/p>\n<p>La materia prima seleccionada ha sido siempre los metales puros, el excedente de los mismos se recicla posteriormente.<\/p>\n<p>Finalmente, ofrecemos siempre al cliente un trato de garant\u00eda, con el prop\u00f3sito de satisfacer su deseo. Los a\u00f1os de dedicaci\u00f3n avalan nuestra labor.<\/p>\n\t\t\t\t\t\t\t\t<\/div>\n\t\t\t\t<\/div>\n\t\t\t\t<div class=\"elementor-element elementor-element-d7711e1 elementor-widget elementor-widget-image\" data-id=\"d7711e1\" data-element_type=\"widget\" data-e-type=\"widget\" data-widget_type=\"image.default\">\n\t\t\t\t<div class=\"elementor-widget-container\">\n\t\t\t\t\t\t\t\t\t\t\t\t\t\t\t<img fetchpriority=\"high\" decoding=\"async\" width=\"250\" height=\"311\" src=\"https:\/\/www.ferrangarreta.com\/wp-content\/uploads\/2023\/02\/logoferrangarreta-antic.gif\" class=\"attachment-full size-full wp-image-5199\" alt=\"\" \/>\t\t\t\t\t\t\t\t\t\t\t\t\t\t\t<\/div>\n\t\t\t\t<\/div>\n\t\t\t\t\t<\/div>\n\t\t<\/div>\n\t\t\t\t\t<\/div>\n\t\t<\/section>\n\t\t\t\t\t<\/div>\n\t\t<\/div>\n\t\t\t\t\t<\/div>\n\t\t<\/section>\n\t\t\t\t<\/div>\n\t\t","protected":false},"excerpt":{"rendered":"<p>Filosof\u00eda La empresa Ferran Garreta ha integrado en su trayectoria un gran abanico de disciplinas asociadas al oficio de los metales art\u00edsticos, hecho que la convierte en un caso ins\u00f3lito. Cada uno de los miembros de la empresa, ha sumado al legado de la tradici\u00f3n, nuevas modalidades que han permitido una evoluci\u00f3n constante de la [&hellip;]<\/p>\n","protected":false},"author":4,"featured_media":0,"parent":0,"menu_order":0,"comment_status":"closed","ping_status":"closed","template":"","meta":{"footnotes":""},"class_list":["post-14846","page","type-page","status-publish","hentry"],"yoast_head":"<!-- This site is optimized with the Yoast SEO plugin v27.5 - https:\/\/yoast.com\/product\/yoast-seo-wordpress\/ -->\n<title>Filosof\u00eda - Ferran Garreta<\/title>\n<meta name=\"robots\" content=\"index, follow, max-snippet:-1, max-image-preview:large, max-video-preview:-1\" \/>\n<link rel=\"canonical\" href=\"https:\/\/www.ferrangarreta.com\/es\/filosofia\/\" \/>\n<meta property=\"og:locale\" content=\"es_ES\" \/>\n<meta property=\"og:type\" content=\"article\" \/>\n<meta property=\"og:title\" content=\"Filosof\u00eda - Ferran Garreta\" \/>\n<meta property=\"og:description\" content=\"Filosof\u00eda La empresa Ferran Garreta ha integrado en su trayectoria un gran abanico de disciplinas asociadas al oficio de los metales art\u00edsticos, hecho que la convierte en un caso ins\u00f3lito. Cada uno de los miembros de la empresa, ha sumado al legado de la tradici\u00f3n, nuevas modalidades que han permitido una evoluci\u00f3n constante de la [&hellip;]\" \/>\n<meta property=\"og:url\" content=\"https:\/\/www.ferrangarreta.com\/es\/filosofia\/\" \/>\n<meta property=\"og:site_name\" content=\"Ferran Garreta\" \/>\n<meta property=\"article:modified_time\" content=\"2023-12-04T21:24:49+00:00\" \/>\n<meta property=\"og:image\" content=\"https:\/\/www.ferrangarreta.com\/wp-content\/uploads\/2023\/02\/logoferrangarreta-antic.gif\" \/>\n<meta name=\"twitter:card\" content=\"summary_large_image\" \/>\n<meta name=\"twitter:label1\" content=\"Tiempo de lectura\" \/>\n\t<meta name=\"twitter:data1\" content=\"1 minuto\" \/>\n<script type=\"application\/ld+json\" class=\"yoast-schema-graph\">{\"@context\":\"https:\\\/\\\/schema.org\",\"@graph\":[{\"@type\":\"WebPage\",\"@id\":\"https:\\\/\\\/www.ferrangarreta.com\\\/es\\\/filosofia\\\/\",\"url\":\"https:\\\/\\\/www.ferrangarreta.com\\\/es\\\/filosofia\\\/\",\"name\":\"Filosof\u00eda - Ferran Garreta\",\"isPartOf\":{\"@id\":\"https:\\\/\\\/www.ferrangarreta.com\\\/es\\\/#website\"},\"primaryImageOfPage\":{\"@id\":\"https:\\\/\\\/www.ferrangarreta.com\\\/es\\\/filosofia\\\/#primaryimage\"},\"image\":{\"@id\":\"https:\\\/\\\/www.ferrangarreta.com\\\/es\\\/filosofia\\\/#primaryimage\"},\"thumbnailUrl\":\"https:\\\/\\\/www.ferrangarreta.com\\\/wp-content\\\/uploads\\\/2023\\\/02\\\/logoferrangarreta-antic.gif\",\"datePublished\":\"2023-03-15T13:20:45+00:00\",\"dateModified\":\"2023-12-04T21:24:49+00:00\",\"breadcrumb\":{\"@id\":\"https:\\\/\\\/www.ferrangarreta.com\\\/es\\\/filosofia\\\/#breadcrumb\"},\"inLanguage\":\"es\",\"potentialAction\":[{\"@type\":\"ReadAction\",\"target\":[\"https:\\\/\\\/www.ferrangarreta.com\\\/es\\\/filosofia\\\/\"]}]},{\"@type\":\"ImageObject\",\"inLanguage\":\"es\",\"@id\":\"https:\\\/\\\/www.ferrangarreta.com\\\/es\\\/filosofia\\\/#primaryimage\",\"url\":\"https:\\\/\\\/www.ferrangarreta.com\\\/wp-content\\\/uploads\\\/2023\\\/02\\\/logoferrangarreta-antic.gif\",\"contentUrl\":\"https:\\\/\\\/www.ferrangarreta.com\\\/wp-content\\\/uploads\\\/2023\\\/02\\\/logoferrangarreta-antic.gif\"},{\"@type\":\"BreadcrumbList\",\"@id\":\"https:\\\/\\\/www.ferrangarreta.com\\\/es\\\/filosofia\\\/#breadcrumb\",\"itemListElement\":[{\"@type\":\"ListItem\",\"position\":1,\"name\":\"Inici\",\"item\":\"https:\\\/\\\/www.ferrangarreta.com\\\/es\\\/inicio\\\/\"},{\"@type\":\"ListItem\",\"position\":2,\"name\":\"Filosof\u00eda\"}]},{\"@type\":\"WebSite\",\"@id\":\"https:\\\/\\\/www.ferrangarreta.com\\\/es\\\/#website\",\"url\":\"https:\\\/\\\/www.ferrangarreta.com\\\/es\\\/\",\"name\":\"Ferran Garreta\",\"description\":\"Empresa familiar ubicada a la ciutat de Vic (Barcelona), dedicada al treball de l\u2019aram, el llaut\u00f3, la plata i l\u2019or, de forma art\u00edstica i manual.Ferran Garreta \u00e9s una empresa familiar ubicada a la ciutat de Vic (Barcelona), dedicada al treball de l\u2019aram, el llaut\u00f3, la plata i l\u2019or, de forma art\u00edstica i manual.\",\"publisher\":{\"@id\":\"https:\\\/\\\/www.ferrangarreta.com\\\/es\\\/#organization\"},\"potentialAction\":[{\"@type\":\"SearchAction\",\"target\":{\"@type\":\"EntryPoint\",\"urlTemplate\":\"https:\\\/\\\/www.ferrangarreta.com\\\/es\\\/?s={search_term_string}\"},\"query-input\":{\"@type\":\"PropertyValueSpecification\",\"valueRequired\":true,\"valueName\":\"search_term_string\"}}],\"inLanguage\":\"es\"},{\"@type\":\"Organization\",\"@id\":\"https:\\\/\\\/www.ferrangarreta.com\\\/es\\\/#organization\",\"name\":\"Ferran Garreta\",\"url\":\"https:\\\/\\\/www.ferrangarreta.com\\\/es\\\/\",\"logo\":{\"@type\":\"ImageObject\",\"inLanguage\":\"es\",\"@id\":\"https:\\\/\\\/www.ferrangarreta.com\\\/es\\\/#\\\/schema\\\/logo\\\/image\\\/\",\"url\":\"https:\\\/\\\/www.ferrangarreta.com\\\/wp-content\\\/uploads\\\/2023\\\/02\\\/ferran-garreta-logo-w.png\",\"contentUrl\":\"https:\\\/\\\/www.ferrangarreta.com\\\/wp-content\\\/uploads\\\/2023\\\/02\\\/ferran-garreta-logo-w.png\",\"width\":1003,\"height\":184,\"caption\":\"Ferran Garreta\"},\"image\":{\"@id\":\"https:\\\/\\\/www.ferrangarreta.com\\\/es\\\/#\\\/schema\\\/logo\\\/image\\\/\"}}]}<\/script>\n<!-- \/ Yoast SEO plugin. -->","yoast_head_json":{"title":"Filosof\u00eda - Ferran Garreta","robots":{"index":"index","follow":"follow","max-snippet":"max-snippet:-1","max-image-preview":"max-image-preview:large","max-video-preview":"max-video-preview:-1"},"canonical":"https:\/\/www.ferrangarreta.com\/es\/filosofia\/","og_locale":"es_ES","og_type":"article","og_title":"Filosof\u00eda - Ferran Garreta","og_description":"Filosof\u00eda La empresa Ferran Garreta ha integrado en su trayectoria un gran abanico de disciplinas asociadas al oficio de los metales art\u00edsticos, hecho que la convierte en un caso ins\u00f3lito. Cada uno de los miembros de la empresa, ha sumado al legado de la tradici\u00f3n, nuevas modalidades que han permitido una evoluci\u00f3n constante de la [&hellip;]","og_url":"https:\/\/www.ferrangarreta.com\/es\/filosofia\/","og_site_name":"Ferran Garreta","article_modified_time":"2023-12-04T21:24:49+00:00","og_image":[{"url":"https:\/\/www.ferrangarreta.com\/wp-content\/uploads\/2023\/02\/logoferrangarreta-antic.gif","type":"","width":"","height":""}],"twitter_card":"summary_large_image","twitter_misc":{"Tiempo de lectura":"1 minuto"},"schema":{"@context":"https:\/\/schema.org","@graph":[{"@type":"WebPage","@id":"https:\/\/www.ferrangarreta.com\/es\/filosofia\/","url":"https:\/\/www.ferrangarreta.com\/es\/filosofia\/","name":"Filosof\u00eda - Ferran Garreta","isPartOf":{"@id":"https:\/\/www.ferrangarreta.com\/es\/#website"},"primaryImageOfPage":{"@id":"https:\/\/www.ferrangarreta.com\/es\/filosofia\/#primaryimage"},"image":{"@id":"https:\/\/www.ferrangarreta.com\/es\/filosofia\/#primaryimage"},"thumbnailUrl":"https:\/\/www.ferrangarreta.com\/wp-content\/uploads\/2023\/02\/logoferrangarreta-antic.gif","datePublished":"2023-03-15T13:20:45+00:00","dateModified":"2023-12-04T21:24:49+00:00","breadcrumb":{"@id":"https:\/\/www.ferrangarreta.com\/es\/filosofia\/#breadcrumb"},"inLanguage":"es","potentialAction":[{"@type":"ReadAction","target":["https:\/\/www.ferrangarreta.com\/es\/filosofia\/"]}]},{"@type":"ImageObject","inLanguage":"es","@id":"https:\/\/www.ferrangarreta.com\/es\/filosofia\/#primaryimage","url":"https:\/\/www.ferrangarreta.com\/wp-content\/uploads\/2023\/02\/logoferrangarreta-antic.gif","contentUrl":"https:\/\/www.ferrangarreta.com\/wp-content\/uploads\/2023\/02\/logoferrangarreta-antic.gif"},{"@type":"BreadcrumbList","@id":"https:\/\/www.ferrangarreta.com\/es\/filosofia\/#breadcrumb","itemListElement":[{"@type":"ListItem","position":1,"name":"Inici","item":"https:\/\/www.ferrangarreta.com\/es\/inicio\/"},{"@type":"ListItem","position":2,"name":"Filosof\u00eda"}]},{"@type":"WebSite","@id":"https:\/\/www.ferrangarreta.com\/es\/#website","url":"https:\/\/www.ferrangarreta.com\/es\/","name":"Ferran Garreta","description":"Empresa familiar ubicada a la ciutat de Vic (Barcelona), dedicada al treball de l\u2019aram, el llaut\u00f3, la plata i l\u2019or, de forma art\u00edstica i manual.Ferran Garreta \u00e9s una empresa familiar ubicada a la ciutat de Vic (Barcelona), dedicada al treball de l\u2019aram, el llaut\u00f3, la plata i l\u2019or, de forma art\u00edstica i manual.","publisher":{"@id":"https:\/\/www.ferrangarreta.com\/es\/#organization"},"potentialAction":[{"@type":"SearchAction","target":{"@type":"EntryPoint","urlTemplate":"https:\/\/www.ferrangarreta.com\/es\/?s={search_term_string}"},"query-input":{"@type":"PropertyValueSpecification","valueRequired":true,"valueName":"search_term_string"}}],"inLanguage":"es"},{"@type":"Organization","@id":"https:\/\/www.ferrangarreta.com\/es\/#organization","name":"Ferran Garreta","url":"https:\/\/www.ferrangarreta.com\/es\/","logo":{"@type":"ImageObject","inLanguage":"es","@id":"https:\/\/www.ferrangarreta.com\/es\/#\/schema\/logo\/image\/","url":"https:\/\/www.ferrangarreta.com\/wp-content\/uploads\/2023\/02\/ferran-garreta-logo-w.png","contentUrl":"https:\/\/www.ferrangarreta.com\/wp-content\/uploads\/2023\/02\/ferran-garreta-logo-w.png","width":1003,"height":184,"caption":"Ferran Garreta"},"image":{"@id":"https:\/\/www.ferrangarreta.com\/es\/#\/schema\/logo\/image\/"}}]}},"_links":{"self":[{"href":"https:\/\/www.ferrangarreta.com\/es\/wp-json\/wp\/v2\/pages\/14846","targetHints":{"allow":["GET"]}}],"collection":[{"href":"https:\/\/www.ferrangarreta.com\/es\/wp-json\/wp\/v2\/pages"}],"about":[{"href":"https:\/\/www.ferrangarreta.com\/es\/wp-json\/wp\/v2\/types\/page"}],"author":[{"embeddable":true,"href":"https:\/\/www.ferrangarreta.com\/es\/wp-json\/wp\/v2\/users\/4"}],"replies":[{"embeddable":true,"href":"https:\/\/www.ferrangarreta.com\/es\/wp-json\/wp\/v2\/comments?post=14846"}],"version-history":[{"count":7,"href":"https:\/\/www.ferrangarreta.com\/es\/wp-json\/wp\/v2\/pages\/14846\/revisions"}],"predecessor-version":[{"id":16776,"href":"https:\/\/www.ferrangarreta.com\/es\/wp-json\/wp\/v2\/pages\/14846\/revisions\/16776"}],"wp:attachment":[{"href":"https:\/\/www.ferrangarreta.com\/es\/wp-json\/wp\/v2\/media?parent=14846"}],"curies":[{"name":"wp","href":"https:\/\/api.w.org\/{rel}","templated":true}]}}