{"id":14880,"date":"2023-03-15T12:54:40","date_gmt":"2023-03-15T12:54:40","guid":{"rendered":"https:\/\/ferrangarreta.net\/origenes\/"},"modified":"2023-11-30T20:20:44","modified_gmt":"2023-11-30T20:20:44","slug":"origenes","status":"publish","type":"page","link":"https:\/\/www.ferrangarreta.com\/es\/origenes\/","title":{"rendered":"Origenes"},"content":{"rendered":"\t\t<div data-elementor-type=\"wp-page\" data-elementor-id=\"14880\" class=\"elementor elementor-14880 elementor-1478\" data-elementor-post-type=\"page\">\n\t\t\t\t\t\t<section class=\"elementor-section elementor-top-section elementor-element elementor-element-07422a4 elementor-section-full_width elementor-section-height-min-height elementor-section-height-default elementor-section-items-middle\" data-id=\"07422a4\" data-element_type=\"section\" data-e-type=\"section\">\n\t\t\t\t\t\t<div class=\"elementor-container elementor-column-gap-default\">\n\t\t\t\t\t<div class=\"elementor-column elementor-col-100 elementor-top-column elementor-element elementor-element-929a01d\" data-id=\"929a01d\" data-element_type=\"column\" data-e-type=\"column\">\n\t\t\t<div class=\"elementor-widget-wrap elementor-element-populated\">\n\t\t\t\t\t\t<div class=\"elementor-element elementor-element-b2e9ac4 elementor--h-position-center elementor--v-position-middle elementor-arrows-position-inside elementor-pagination-position-inside elementor-widget elementor-widget-slides\" data-id=\"b2e9ac4\" data-element_type=\"widget\" data-e-type=\"widget\" data-settings=\"{&quot;navigation&quot;:&quot;both&quot;,&quot;autoplay&quot;:&quot;yes&quot;,&quot;pause_on_hover&quot;:&quot;yes&quot;,&quot;pause_on_interaction&quot;:&quot;yes&quot;,&quot;autoplay_speed&quot;:5000,&quot;infinite&quot;:&quot;yes&quot;,&quot;transition&quot;:&quot;slide&quot;,&quot;transition_speed&quot;:500}\" data-widget_type=\"slides.default\">\n\t\t\t\t<div class=\"elementor-widget-container\">\n\t\t\t\t\t\t\t\t\t<div class=\"elementor-swiper\">\n\t\t\t\t\t<div class=\"elementor-slides-wrapper elementor-main-swiper swiper\" role=\"region\" aria-roledescription=\"carousel\" aria-label=\"Diapositivas\" dir=\"ltr\" data-animation=\"fadeInUp\">\n\t\t\t\t<div class=\"swiper-wrapper elementor-slides\">\n\t\t\t\t\t\t\t\t\t\t<div class=\"elementor-repeater-item-85eb97b swiper-slide\" role=\"group\" aria-roledescription=\"slide\"><div class=\"swiper-slide-bg\" role=\"img\" aria-label=\"origens-header-6\"><\/div><div class=\"swiper-slide-inner\" ><div class=\"swiper-slide-contents\"><div class=\"elementor-slide-heading\">Origenes<\/div><\/div><\/div><\/div>\t\t\t\t<\/div>\n\t\t\t\t\t\t\t<\/div>\n\t\t\t\t<\/div>\n\t\t\t\t\t\t\t\t<\/div>\n\t\t\t\t<\/div>\n\t\t\t\t\t<\/div>\n\t\t<\/div>\n\t\t\t\t\t<\/div>\n\t\t<\/section>\n\t\t\t\t<section class=\"elementor-section elementor-top-section elementor-element elementor-element-35b51f9 elementor-section-full_width elementor-section-height-default elementor-section-height-default\" data-id=\"35b51f9\" data-element_type=\"section\" data-e-type=\"section\">\n\t\t\t\t\t\t<div class=\"elementor-container elementor-column-gap-default\">\n\t\t\t\t\t<div class=\"elementor-column elementor-col-100 elementor-top-column elementor-element elementor-element-6f9f1cf\" data-id=\"6f9f1cf\" data-element_type=\"column\" data-e-type=\"column\">\n\t\t\t<div class=\"elementor-widget-wrap elementor-element-populated\">\n\t\t\t\t\t\t<section class=\"elementor-section elementor-inner-section elementor-element elementor-element-af67f02 elementor-section-boxed elementor-section-height-default elementor-section-height-default\" data-id=\"af67f02\" data-element_type=\"section\" data-e-type=\"section\">\n\t\t\t\t\t\t<div class=\"elementor-container elementor-column-gap-default\">\n\t\t\t\t\t<div class=\"elementor-column elementor-col-100 elementor-inner-column elementor-element elementor-element-68c7501\" data-id=\"68c7501\" data-element_type=\"column\" data-e-type=\"column\">\n\t\t\t<div class=\"elementor-widget-wrap elementor-element-populated\">\n\t\t\t\t\t\t<div class=\"elementor-element elementor-element-5cfc4d2 elementor-widget elementor-widget-heading\" data-id=\"5cfc4d2\" data-element_type=\"widget\" data-e-type=\"widget\" data-widget_type=\"heading.default\">\n\t\t\t\t<div class=\"elementor-widget-container\">\n\t\t\t\t\t<h2 class=\"elementor-heading-title elementor-size-default\">Ferran Garreta\nes una empresa\nfamiliar ubicada\nen la ciudad de Vic\n(Barcelona),\ndedicada al trabajo\ndel cobre, el lat\u00f3n,\nla plata y el oro,\nde forma art\u00edstica\ny manual.<\/h2>\t\t\t\t<\/div>\n\t\t\t\t<\/div>\n\t\t\t\t<div class=\"elementor-element elementor-element-edda666 elementor-widget elementor-widget-text-editor\" data-id=\"edda666\" data-element_type=\"widget\" data-e-type=\"widget\" data-widget_type=\"text-editor.default\">\n\t\t\t\t<div class=\"elementor-widget-container\">\n\t\t\t\t\t\t\t\t\t<p>Los trabajos que se realizan son muy diversos. Se trata de una empresa con m\u00e1s de 130 a\u00f1os de antig\u00fcedad y en la cual cada generaci\u00f3n ha ido introduciendo nuevas t\u00e9cnicas relacionadas al oficio del trabajo de los metales.<\/p>\n<p>La empresa se inicia con Bonaventura Garreta en 1892. Inicialmente, la actividad principal es la creaci\u00f3n de objetos de cobre de uso cotidiano, tales como botijos, ollas, sartenes, medidas, marmitas y calderas.<\/p>\n<p>Su hijo, Llu\u00eds Garreta, introduce en la empresa el arte del repujado, convirti\u00e9ndose en Maestro Repujador. A partir de numerosos encargos, realiza multitud de repujados trabajados sobre planchas de cobre, lat\u00f3n y plata, decorando salas, estancias, jardines y espacios abiertos. Entre estas piezas se encuentra la majestuosa cruz del altar mayor de la Catedral de Vic. El trabajo del maestro le es reconocido con prestigiosos premios en diferentes exposiciones art\u00edsticas nacionales e internacionales, entre 1940 y 1976.<\/p>\n<p>La generaci\u00f3n siguiente viene representada por Ferran Garreta, maestro artesano en repujados, cincelados y forja. Suma a las tareas del taller la realizaci\u00f3n de grandes esculturas de cobre y lat\u00f3n, la creaci\u00f3n de numerosos trabajos de hierro forjado y finalmente, la restauraci\u00f3n de objetos antiguos de gran valor.<\/p>\n\t\t\t\t\t\t\t\t<\/div>\n\t\t\t\t<\/div>\n\t\t\t\t<div class=\"elementor-element elementor-element-911e9a3 elementor-widget elementor-widget-text-editor\" data-id=\"911e9a3\" data-element_type=\"widget\" data-e-type=\"widget\" data-widget_type=\"text-editor.default\">\n\t\t\t\t<div class=\"elementor-widget-container\">\n\t\t\t\t\t\t\t\t\t<p>A trav\u00e9s de la t\u00e9cnica del repujado y el cincelado, domina el arte del retrato, el paisajismo y los bodegones. Entre otros proyectos, realiza r\u00f3tulos, escudos her\u00e1ldicos y objetos lit\u00fargicos, como c\u00e1lices, sagrarios y picas bautismales. Tambi\u00e9n se dedica a la elaboraci\u00f3n de armaduras de diversos modelos inspirados en la antig\u00fcedad.<\/p>\n<p>Actualmente, y en la cuarta generaci\u00f3n, Carme y S\u00edlvia Garreta contin\u00faan este trabajo art\u00edstico.<\/p>\n<p>Carme Garreta, especialista en escultura y esmaltes, introduce el color a los metales, mediante la t\u00e9cnica de los esmaltes al fuego sobre metal, t\u00e9cnica milenaria aplicada sobre el cobre, la plata y el oro. Galardonada con el &#8216;Premio Nacional de Esmaltes al Fuego sobre Metales&#8217; en la VII Bienal Internacional de Esmalte de Salou (2007), realiza piezas donde el esmalte comparte protagonismo con los metales nobles y piedras preciosas.<\/p>\n<p>Silvia Garreta, especialista en joyer\u00eda, dise\u00f1o de joyas, gemolog\u00eda, grabado y clavado de piedras, enriquece y abre un nuevo horizonte en el acabado de las piezas de culto y ornamentaci\u00f3n. Su contribuci\u00f3n se basa en la creaci\u00f3n de piezas de gran dificultad t\u00e9cnica y dise\u00f1o exclusivo.<\/p>\n<p>Es con el trabajo de equipo que entran en di\u00e1logo todas estas vertientes art\u00edsticas, con el objetivo de ofrecer un producto artesanal, personalizado y art\u00edstico.<\/p>\n\t\t\t\t\t\t\t\t<\/div>\n\t\t\t\t<\/div>\n\t\t\t\t\t<\/div>\n\t\t<\/div>\n\t\t\t\t\t<\/div>\n\t\t<\/section>\n\t\t\t\t\t<\/div>\n\t\t<\/div>\n\t\t\t\t\t<\/div>\n\t\t<\/section>\n\t\t\t\t<\/div>\n\t\t","protected":false},"excerpt":{"rendered":"<p>Origenes Ferran Garreta es una empresa familiar ubicada en la ciudad de Vic (Barcelona), dedicada al trabajo del cobre, el lat\u00f3n, la plata y el oro, de forma art\u00edstica y manual. Los trabajos que se realizan son muy diversos. Se trata de una empresa con m\u00e1s de 130 a\u00f1os de antig\u00fcedad y en la cual [&hellip;]<\/p>\n","protected":false},"author":4,"featured_media":0,"parent":0,"menu_order":0,"comment_status":"closed","ping_status":"closed","template":"","meta":{"footnotes":""},"class_list":["post-14880","page","type-page","status-publish","hentry"],"yoast_head":"<!-- This site is optimized with the Yoast SEO plugin v27.4 - https:\/\/yoast.com\/product\/yoast-seo-wordpress\/ -->\n<title>Origenes - Ferran Garreta<\/title>\n<meta name=\"robots\" content=\"index, follow, max-snippet:-1, max-image-preview:large, max-video-preview:-1\" \/>\n<link rel=\"canonical\" href=\"https:\/\/www.ferrangarreta.com\/es\/origenes\/\" \/>\n<meta property=\"og:locale\" content=\"es_ES\" \/>\n<meta property=\"og:type\" content=\"article\" \/>\n<meta property=\"og:title\" content=\"Origenes - Ferran Garreta\" \/>\n<meta property=\"og:description\" content=\"Origenes Ferran Garreta es una empresa familiar ubicada en la ciudad de Vic (Barcelona), dedicada al trabajo del cobre, el lat\u00f3n, la plata y el oro, de forma art\u00edstica y manual. Los trabajos que se realizan son muy diversos. Se trata de una empresa con m\u00e1s de 130 a\u00f1os de antig\u00fcedad y en la cual [&hellip;]\" \/>\n<meta property=\"og:url\" content=\"https:\/\/www.ferrangarreta.com\/es\/origenes\/\" \/>\n<meta property=\"og:site_name\" content=\"Ferran Garreta\" \/>\n<meta property=\"article:modified_time\" content=\"2023-11-30T20:20:44+00:00\" \/>\n<meta name=\"twitter:card\" content=\"summary_large_image\" \/>\n<meta name=\"twitter:label1\" content=\"Tiempo de lectura\" \/>\n\t<meta name=\"twitter:data1\" content=\"2 minutos\" \/>\n<script type=\"application\/ld+json\" class=\"yoast-schema-graph\">{\"@context\":\"https:\\\/\\\/schema.org\",\"@graph\":[{\"@type\":\"WebPage\",\"@id\":\"https:\\\/\\\/www.ferrangarreta.com\\\/es\\\/origenes\\\/\",\"url\":\"https:\\\/\\\/www.ferrangarreta.com\\\/es\\\/origenes\\\/\",\"name\":\"Origenes - Ferran Garreta\",\"isPartOf\":{\"@id\":\"https:\\\/\\\/www.ferrangarreta.com\\\/es\\\/#website\"},\"datePublished\":\"2023-03-15T12:54:40+00:00\",\"dateModified\":\"2023-11-30T20:20:44+00:00\",\"breadcrumb\":{\"@id\":\"https:\\\/\\\/www.ferrangarreta.com\\\/es\\\/origenes\\\/#breadcrumb\"},\"inLanguage\":\"es\",\"potentialAction\":[{\"@type\":\"ReadAction\",\"target\":[\"https:\\\/\\\/www.ferrangarreta.com\\\/es\\\/origenes\\\/\"]}]},{\"@type\":\"BreadcrumbList\",\"@id\":\"https:\\\/\\\/www.ferrangarreta.com\\\/es\\\/origenes\\\/#breadcrumb\",\"itemListElement\":[{\"@type\":\"ListItem\",\"position\":1,\"name\":\"Inici\",\"item\":\"https:\\\/\\\/www.ferrangarreta.com\\\/es\\\/inicio\\\/\"},{\"@type\":\"ListItem\",\"position\":2,\"name\":\"Origenes\"}]},{\"@type\":\"WebSite\",\"@id\":\"https:\\\/\\\/www.ferrangarreta.com\\\/es\\\/#website\",\"url\":\"https:\\\/\\\/www.ferrangarreta.com\\\/es\\\/\",\"name\":\"Ferran Garreta\",\"description\":\"Empresa familiar ubicada a la ciutat de Vic (Barcelona), dedicada al treball de l\u2019aram, el llaut\u00f3, la plata i l\u2019or, de forma art\u00edstica i manual.Ferran Garreta \u00e9s una empresa familiar ubicada a la ciutat de Vic (Barcelona), dedicada al treball de l\u2019aram, el llaut\u00f3, la plata i l\u2019or, de forma art\u00edstica i manual.\",\"publisher\":{\"@id\":\"https:\\\/\\\/www.ferrangarreta.com\\\/es\\\/#organization\"},\"potentialAction\":[{\"@type\":\"SearchAction\",\"target\":{\"@type\":\"EntryPoint\",\"urlTemplate\":\"https:\\\/\\\/www.ferrangarreta.com\\\/es\\\/?s={search_term_string}\"},\"query-input\":{\"@type\":\"PropertyValueSpecification\",\"valueRequired\":true,\"valueName\":\"search_term_string\"}}],\"inLanguage\":\"es\"},{\"@type\":\"Organization\",\"@id\":\"https:\\\/\\\/www.ferrangarreta.com\\\/es\\\/#organization\",\"name\":\"Ferran Garreta\",\"url\":\"https:\\\/\\\/www.ferrangarreta.com\\\/es\\\/\",\"logo\":{\"@type\":\"ImageObject\",\"inLanguage\":\"es\",\"@id\":\"https:\\\/\\\/www.ferrangarreta.com\\\/es\\\/#\\\/schema\\\/logo\\\/image\\\/\",\"url\":\"https:\\\/\\\/www.ferrangarreta.com\\\/wp-content\\\/uploads\\\/2023\\\/02\\\/ferran-garreta-logo-w.png\",\"contentUrl\":\"https:\\\/\\\/www.ferrangarreta.com\\\/wp-content\\\/uploads\\\/2023\\\/02\\\/ferran-garreta-logo-w.png\",\"width\":1003,\"height\":184,\"caption\":\"Ferran Garreta\"},\"image\":{\"@id\":\"https:\\\/\\\/www.ferrangarreta.com\\\/es\\\/#\\\/schema\\\/logo\\\/image\\\/\"}}]}<\/script>\n<!-- \/ Yoast SEO plugin. -->","yoast_head_json":{"title":"Origenes - Ferran Garreta","robots":{"index":"index","follow":"follow","max-snippet":"max-snippet:-1","max-image-preview":"max-image-preview:large","max-video-preview":"max-video-preview:-1"},"canonical":"https:\/\/www.ferrangarreta.com\/es\/origenes\/","og_locale":"es_ES","og_type":"article","og_title":"Origenes - Ferran Garreta","og_description":"Origenes Ferran Garreta es una empresa familiar ubicada en la ciudad de Vic (Barcelona), dedicada al trabajo del cobre, el lat\u00f3n, la plata y el oro, de forma art\u00edstica y manual. Los trabajos que se realizan son muy diversos. Se trata de una empresa con m\u00e1s de 130 a\u00f1os de antig\u00fcedad y en la cual [&hellip;]","og_url":"https:\/\/www.ferrangarreta.com\/es\/origenes\/","og_site_name":"Ferran Garreta","article_modified_time":"2023-11-30T20:20:44+00:00","twitter_card":"summary_large_image","twitter_misc":{"Tiempo de lectura":"2 minutos"},"schema":{"@context":"https:\/\/schema.org","@graph":[{"@type":"WebPage","@id":"https:\/\/www.ferrangarreta.com\/es\/origenes\/","url":"https:\/\/www.ferrangarreta.com\/es\/origenes\/","name":"Origenes - Ferran Garreta","isPartOf":{"@id":"https:\/\/www.ferrangarreta.com\/es\/#website"},"datePublished":"2023-03-15T12:54:40+00:00","dateModified":"2023-11-30T20:20:44+00:00","breadcrumb":{"@id":"https:\/\/www.ferrangarreta.com\/es\/origenes\/#breadcrumb"},"inLanguage":"es","potentialAction":[{"@type":"ReadAction","target":["https:\/\/www.ferrangarreta.com\/es\/origenes\/"]}]},{"@type":"BreadcrumbList","@id":"https:\/\/www.ferrangarreta.com\/es\/origenes\/#breadcrumb","itemListElement":[{"@type":"ListItem","position":1,"name":"Inici","item":"https:\/\/www.ferrangarreta.com\/es\/inicio\/"},{"@type":"ListItem","position":2,"name":"Origenes"}]},{"@type":"WebSite","@id":"https:\/\/www.ferrangarreta.com\/es\/#website","url":"https:\/\/www.ferrangarreta.com\/es\/","name":"Ferran Garreta","description":"Empresa familiar ubicada a la ciutat de Vic (Barcelona), dedicada al treball de l\u2019aram, el llaut\u00f3, la plata i l\u2019or, de forma art\u00edstica i manual.Ferran Garreta \u00e9s una empresa familiar ubicada a la ciutat de Vic (Barcelona), dedicada al treball de l\u2019aram, el llaut\u00f3, la plata i l\u2019or, de forma art\u00edstica i manual.","publisher":{"@id":"https:\/\/www.ferrangarreta.com\/es\/#organization"},"potentialAction":[{"@type":"SearchAction","target":{"@type":"EntryPoint","urlTemplate":"https:\/\/www.ferrangarreta.com\/es\/?s={search_term_string}"},"query-input":{"@type":"PropertyValueSpecification","valueRequired":true,"valueName":"search_term_string"}}],"inLanguage":"es"},{"@type":"Organization","@id":"https:\/\/www.ferrangarreta.com\/es\/#organization","name":"Ferran Garreta","url":"https:\/\/www.ferrangarreta.com\/es\/","logo":{"@type":"ImageObject","inLanguage":"es","@id":"https:\/\/www.ferrangarreta.com\/es\/#\/schema\/logo\/image\/","url":"https:\/\/www.ferrangarreta.com\/wp-content\/uploads\/2023\/02\/ferran-garreta-logo-w.png","contentUrl":"https:\/\/www.ferrangarreta.com\/wp-content\/uploads\/2023\/02\/ferran-garreta-logo-w.png","width":1003,"height":184,"caption":"Ferran Garreta"},"image":{"@id":"https:\/\/www.ferrangarreta.com\/es\/#\/schema\/logo\/image\/"}}]}},"_links":{"self":[{"href":"https:\/\/www.ferrangarreta.com\/es\/wp-json\/wp\/v2\/pages\/14880","targetHints":{"allow":["GET"]}}],"collection":[{"href":"https:\/\/www.ferrangarreta.com\/es\/wp-json\/wp\/v2\/pages"}],"about":[{"href":"https:\/\/www.ferrangarreta.com\/es\/wp-json\/wp\/v2\/types\/page"}],"author":[{"embeddable":true,"href":"https:\/\/www.ferrangarreta.com\/es\/wp-json\/wp\/v2\/users\/4"}],"replies":[{"embeddable":true,"href":"https:\/\/www.ferrangarreta.com\/es\/wp-json\/wp\/v2\/comments?post=14880"}],"version-history":[{"count":7,"href":"https:\/\/www.ferrangarreta.com\/es\/wp-json\/wp\/v2\/pages\/14880\/revisions"}],"predecessor-version":[{"id":16613,"href":"https:\/\/www.ferrangarreta.com\/es\/wp-json\/wp\/v2\/pages\/14880\/revisions\/16613"}],"wp:attachment":[{"href":"https:\/\/www.ferrangarreta.com\/es\/wp-json\/wp\/v2\/media?parent=14880"}],"curies":[{"name":"wp","href":"https:\/\/api.w.org\/{rel}","templated":true}]}}