{"id":15029,"date":"2023-03-15T13:20:45","date_gmt":"2023-03-15T13:20:45","guid":{"rendered":"https:\/\/ferrangarreta.net\/philosophie\/"},"modified":"2023-12-04T21:24:49","modified_gmt":"2023-12-04T21:24:49","slug":"philosophie","status":"publish","type":"page","link":"https:\/\/www.ferrangarreta.com\/fr\/philosophie\/","title":{"rendered":"Philosophie"},"content":{"rendered":"\t\t<div data-elementor-type=\"wp-page\" data-elementor-id=\"15029\" class=\"elementor elementor-15029 elementor-1487\" data-elementor-post-type=\"page\">\n\t\t\t\t\t\t<section class=\"elementor-section elementor-top-section elementor-element elementor-element-219fa41 elementor-section-full_width elementor-section-height-default elementor-section-height-default\" data-id=\"219fa41\" data-element_type=\"section\" data-e-type=\"section\" data-settings=\"{&quot;background_background&quot;:&quot;classic&quot;}\">\n\t\t\t\t\t\t\t<div class=\"elementor-background-overlay\"><\/div>\n\t\t\t\t\t\t\t<div class=\"elementor-container elementor-column-gap-default\">\n\t\t\t\t\t<div class=\"elementor-column elementor-col-100 elementor-top-column elementor-element elementor-element-9e2b01c\" data-id=\"9e2b01c\" data-element_type=\"column\" data-e-type=\"column\">\n\t\t\t<div class=\"elementor-widget-wrap elementor-element-populated\">\n\t\t\t\t\t\t<div class=\"elementor-element elementor-element-02b3f97 elementor--h-position-left elementor--v-position-bottom elementor-arrows-position-inside elementor-pagination-position-inside elementor-widget elementor-widget-slides\" data-id=\"02b3f97\" data-element_type=\"widget\" data-e-type=\"widget\" data-settings=\"{&quot;navigation&quot;:&quot;both&quot;,&quot;autoplay&quot;:&quot;yes&quot;,&quot;pause_on_hover&quot;:&quot;yes&quot;,&quot;pause_on_interaction&quot;:&quot;yes&quot;,&quot;autoplay_speed&quot;:5000,&quot;infinite&quot;:&quot;yes&quot;,&quot;transition&quot;:&quot;slide&quot;,&quot;transition_speed&quot;:500}\" data-widget_type=\"slides.default\">\n\t\t\t\t<div class=\"elementor-widget-container\">\n\t\t\t\t\t\t\t\t\t<div class=\"elementor-swiper\">\n\t\t\t\t\t<div class=\"elementor-slides-wrapper elementor-main-swiper swiper\" role=\"region\" aria-roledescription=\"carousel\" aria-label=\"Diapositives\" dir=\"ltr\" data-animation=\"fadeInUp\">\n\t\t\t\t<div class=\"swiper-wrapper elementor-slides\">\n\t\t\t\t\t\t\t\t\t\t<div class=\"elementor-repeater-item-85eb97b swiper-slide\" role=\"group\" aria-roledescription=\"slide\"><div class=\"swiper-slide-bg\" role=\"img\" aria-label=\"JP1. Yellow gold pendant and blue topaz.\"><\/div><div class=\"swiper-slide-inner\" ><div class=\"swiper-slide-contents\"><div class=\"elementor-slide-heading\">Philosophie<\/div><\/div><\/div><\/div>\t\t\t\t<\/div>\n\t\t\t\t\t\t\t<\/div>\n\t\t\t\t<\/div>\n\t\t\t\t\t\t\t\t<\/div>\n\t\t\t\t<\/div>\n\t\t\t\t\t<\/div>\n\t\t<\/div>\n\t\t\t\t\t<\/div>\n\t\t<\/section>\n\t\t\t\t<section class=\"elementor-section elementor-top-section elementor-element elementor-element-aa6a185 elementor-section-full_width elementor-section-height-default elementor-section-height-default\" data-id=\"aa6a185\" data-element_type=\"section\" data-e-type=\"section\">\n\t\t\t\t\t\t<div class=\"elementor-container elementor-column-gap-default\">\n\t\t\t\t\t<div class=\"elementor-column elementor-col-100 elementor-top-column elementor-element elementor-element-3a207c0\" data-id=\"3a207c0\" data-element_type=\"column\" data-e-type=\"column\">\n\t\t\t<div class=\"elementor-widget-wrap elementor-element-populated\">\n\t\t\t\t\t\t<section class=\"elementor-section elementor-inner-section elementor-element elementor-element-720c1bc elementor-section-boxed elementor-section-height-default elementor-section-height-default\" data-id=\"720c1bc\" data-element_type=\"section\" data-e-type=\"section\">\n\t\t\t\t\t\t<div class=\"elementor-container elementor-column-gap-default\">\n\t\t\t\t\t<div class=\"elementor-column elementor-col-100 elementor-inner-column elementor-element elementor-element-ec487f4\" data-id=\"ec487f4\" data-element_type=\"column\" data-e-type=\"column\">\n\t\t\t<div class=\"elementor-widget-wrap elementor-element-populated\">\n\t\t\t\t\t\t<div class=\"elementor-element elementor-element-92d3ca1 elementor-widget elementor-widget-heading\" data-id=\"92d3ca1\" data-element_type=\"widget\" data-e-type=\"widget\" data-widget_type=\"heading.default\">\n\t\t\t\t<div class=\"elementor-widget-container\">\n\t\t\t\t\t<h2 class=\"elementor-heading-title elementor-size-default\">La soci\u00e9t\u00e9 Ferran\nGarreta a mis en place\ndans sa carri\u00e8re\nun large \u00e9ventail de\ndisciplines associ\u00e9es\nau travail des m\u00e9taux\nartistiques, initiative\ntout \u00e0 fait\ninhabituelle.<\/h2>\t\t\t\t<\/div>\n\t\t\t\t<\/div>\n\t\t\t\t<div class=\"elementor-element elementor-element-5096205 elementor-widget elementor-widget-text-editor\" data-id=\"5096205\" data-element_type=\"widget\" data-e-type=\"widget\" data-widget_type=\"text-editor.default\">\n\t\t\t\t<div class=\"elementor-widget-container\">\n\t\t\t\t\t\t\t\t\t<p>Chacun des membres de la soci\u00e9t\u00e9 a ajout\u00e9 \u00e0 l&rsquo;h\u00e9ritage de sa tradition, de nouvelles modalit\u00e9s permettant une \u00e9volution constante de la soci\u00e9t\u00e9. Ainsi tradition et modernit\u00e9 se compl\u00e8tent afin de r\u00e9pondre \u00e0 la demande actuelle.<\/p>\n<p>Notre engagement est la cr\u00e9ation de travaux effectu\u00e9s enti\u00e8rement \u00e0 la main, ce qui implique un lien affectif avec chaque oeuvre et la rend unique. Artisanat, cr\u00e9ativit\u00e9 et technique sont les trois piliers de notre soci\u00e9t\u00e9.<\/p>\n<p>Pour nous, le travail d&rsquo;\u00e9quipe est essentiel; il est le point de jonction o\u00f9 diverses sp\u00e9cialit\u00e9s se rejoignent pour enrichir notre travail. Le dialogue permanent entre les membres de la soci\u00e9t\u00e9 b\u00e9n\u00e9ficie, de fait, au r\u00e9sultat du travail.<\/p>\n<p>La mati\u00e8re premi\u00e8re s\u00e9lectionn\u00e9e a toujours \u00e9t\u00e9 les m\u00e9taux purs, leur exc\u00e9dent est recycl\u00e9 plus tard.<\/p>\n<p>Enfin, nous offrons toujours une garantie au client dans l&rsquo;objectif de satisfaire ses d\u00e9sirs. Nos ann\u00e9es de d\u00e9vouement garantissent notre travail.<\/p>\n\t\t\t\t\t\t\t\t<\/div>\n\t\t\t\t<\/div>\n\t\t\t\t<div class=\"elementor-element elementor-element-d7711e1 elementor-widget elementor-widget-image\" data-id=\"d7711e1\" data-element_type=\"widget\" data-e-type=\"widget\" data-widget_type=\"image.default\">\n\t\t\t\t<div class=\"elementor-widget-container\">\n\t\t\t\t\t\t\t\t\t\t\t\t\t\t\t<img fetchpriority=\"high\" decoding=\"async\" width=\"250\" height=\"311\" src=\"https:\/\/www.ferrangarreta.com\/wp-content\/uploads\/2023\/02\/logoferrangarreta-antic.gif\" class=\"attachment-full size-full wp-image-5198\" alt=\"\" \/>\t\t\t\t\t\t\t\t\t\t\t\t\t\t\t<\/div>\n\t\t\t\t<\/div>\n\t\t\t\t\t<\/div>\n\t\t<\/div>\n\t\t\t\t\t<\/div>\n\t\t<\/section>\n\t\t\t\t\t<\/div>\n\t\t<\/div>\n\t\t\t\t\t<\/div>\n\t\t<\/section>\n\t\t\t\t<\/div>\n\t\t","protected":false},"excerpt":{"rendered":"<p>Philosophie La soci\u00e9t\u00e9 Ferran Garreta a mis en place dans sa carri\u00e8re un large \u00e9ventail de disciplines associ\u00e9es au travail des m\u00e9taux artistiques, initiative tout \u00e0 fait inhabituelle. Chacun des membres de la soci\u00e9t\u00e9 a ajout\u00e9 \u00e0 l&rsquo;h\u00e9ritage de sa tradition, de nouvelles modalit\u00e9s permettant une \u00e9volution constante de la soci\u00e9t\u00e9. Ainsi tradition et modernit\u00e9 [&hellip;]<\/p>\n","protected":false},"author":4,"featured_media":0,"parent":0,"menu_order":0,"comment_status":"closed","ping_status":"closed","template":"","meta":{"footnotes":""},"class_list":["post-15029","page","type-page","status-publish","hentry"],"yoast_head":"<!-- This site is optimized with the Yoast SEO plugin v27.6 - https:\/\/yoast.com\/product\/yoast-seo-wordpress\/ -->\n<title>Philosophie - Ferran Garreta<\/title>\n<meta name=\"robots\" content=\"index, follow, max-snippet:-1, max-image-preview:large, max-video-preview:-1\" \/>\n<link rel=\"canonical\" href=\"https:\/\/www.ferrangarreta.com\/fr\/philosophie\/\" \/>\n<meta property=\"og:locale\" content=\"fr_FR\" \/>\n<meta property=\"og:type\" content=\"article\" \/>\n<meta property=\"og:title\" content=\"Philosophie - Ferran Garreta\" \/>\n<meta property=\"og:description\" content=\"Philosophie La soci\u00e9t\u00e9 Ferran Garreta a mis en place dans sa carri\u00e8re un large \u00e9ventail de disciplines associ\u00e9es au travail des m\u00e9taux artistiques, initiative tout \u00e0 fait inhabituelle. Chacun des membres de la soci\u00e9t\u00e9 a ajout\u00e9 \u00e0 l&rsquo;h\u00e9ritage de sa tradition, de nouvelles modalit\u00e9s permettant une \u00e9volution constante de la soci\u00e9t\u00e9. Ainsi tradition et modernit\u00e9 [&hellip;]\" \/>\n<meta property=\"og:url\" content=\"https:\/\/www.ferrangarreta.com\/fr\/philosophie\/\" \/>\n<meta property=\"og:site_name\" content=\"Ferran Garreta\" \/>\n<meta property=\"article:modified_time\" content=\"2023-12-04T21:24:49+00:00\" \/>\n<meta property=\"og:image\" content=\"https:\/\/www.ferrangarreta.com\/wp-content\/uploads\/2023\/02\/logoferrangarreta-antic.gif\" \/>\n<meta name=\"twitter:card\" content=\"summary_large_image\" \/>\n<meta name=\"twitter:label1\" content=\"Dur\u00e9e de lecture estim\u00e9e\" \/>\n\t<meta name=\"twitter:data1\" content=\"1 minute\" \/>\n<script type=\"application\/ld+json\" class=\"yoast-schema-graph\">{\"@context\":\"https:\\\/\\\/schema.org\",\"@graph\":[{\"@type\":\"WebPage\",\"@id\":\"https:\\\/\\\/www.ferrangarreta.com\\\/fr\\\/philosophie\\\/\",\"url\":\"https:\\\/\\\/www.ferrangarreta.com\\\/fr\\\/philosophie\\\/\",\"name\":\"Philosophie - Ferran Garreta\",\"isPartOf\":{\"@id\":\"https:\\\/\\\/www.ferrangarreta.com\\\/fr\\\/#website\"},\"primaryImageOfPage\":{\"@id\":\"https:\\\/\\\/www.ferrangarreta.com\\\/fr\\\/philosophie\\\/#primaryimage\"},\"image\":{\"@id\":\"https:\\\/\\\/www.ferrangarreta.com\\\/fr\\\/philosophie\\\/#primaryimage\"},\"thumbnailUrl\":\"https:\\\/\\\/www.ferrangarreta.com\\\/wp-content\\\/uploads\\\/2023\\\/02\\\/logoferrangarreta-antic.gif\",\"datePublished\":\"2023-03-15T13:20:45+00:00\",\"dateModified\":\"2023-12-04T21:24:49+00:00\",\"breadcrumb\":{\"@id\":\"https:\\\/\\\/www.ferrangarreta.com\\\/fr\\\/philosophie\\\/#breadcrumb\"},\"inLanguage\":\"fr-FR\",\"potentialAction\":[{\"@type\":\"ReadAction\",\"target\":[\"https:\\\/\\\/www.ferrangarreta.com\\\/fr\\\/philosophie\\\/\"]}]},{\"@type\":\"ImageObject\",\"inLanguage\":\"fr-FR\",\"@id\":\"https:\\\/\\\/www.ferrangarreta.com\\\/fr\\\/philosophie\\\/#primaryimage\",\"url\":\"https:\\\/\\\/www.ferrangarreta.com\\\/wp-content\\\/uploads\\\/2023\\\/02\\\/logoferrangarreta-antic.gif\",\"contentUrl\":\"https:\\\/\\\/www.ferrangarreta.com\\\/wp-content\\\/uploads\\\/2023\\\/02\\\/logoferrangarreta-antic.gif\"},{\"@type\":\"BreadcrumbList\",\"@id\":\"https:\\\/\\\/www.ferrangarreta.com\\\/fr\\\/philosophie\\\/#breadcrumb\",\"itemListElement\":[{\"@type\":\"ListItem\",\"position\":1,\"name\":\"Inici\",\"item\":\"https:\\\/\\\/www.ferrangarreta.com\\\/fr\\\/principale\\\/\"},{\"@type\":\"ListItem\",\"position\":2,\"name\":\"Philosophie\"}]},{\"@type\":\"WebSite\",\"@id\":\"https:\\\/\\\/www.ferrangarreta.com\\\/fr\\\/#website\",\"url\":\"https:\\\/\\\/www.ferrangarreta.com\\\/fr\\\/\",\"name\":\"Ferran Garreta\",\"description\":\"Empresa familiar ubicada a la ciutat de Vic (Barcelona), dedicada al treball de l\u2019aram, el llaut\u00f3, la plata i l\u2019or, de forma art\u00edstica i manual.Ferran Garreta \u00e9s una empresa familiar ubicada a la ciutat de Vic (Barcelona), dedicada al treball de l\u2019aram, el llaut\u00f3, la plata i l\u2019or, de forma art\u00edstica i manual.\",\"publisher\":{\"@id\":\"https:\\\/\\\/www.ferrangarreta.com\\\/fr\\\/#organization\"},\"potentialAction\":[{\"@type\":\"SearchAction\",\"target\":{\"@type\":\"EntryPoint\",\"urlTemplate\":\"https:\\\/\\\/www.ferrangarreta.com\\\/fr\\\/?s={search_term_string}\"},\"query-input\":{\"@type\":\"PropertyValueSpecification\",\"valueRequired\":true,\"valueName\":\"search_term_string\"}}],\"inLanguage\":\"fr-FR\"},{\"@type\":\"Organization\",\"@id\":\"https:\\\/\\\/www.ferrangarreta.com\\\/fr\\\/#organization\",\"name\":\"Ferran Garreta\",\"url\":\"https:\\\/\\\/www.ferrangarreta.com\\\/fr\\\/\",\"logo\":{\"@type\":\"ImageObject\",\"inLanguage\":\"fr-FR\",\"@id\":\"https:\\\/\\\/www.ferrangarreta.com\\\/fr\\\/#\\\/schema\\\/logo\\\/image\\\/\",\"url\":\"https:\\\/\\\/www.ferrangarreta.com\\\/wp-content\\\/uploads\\\/2023\\\/02\\\/ferran-garreta-logo-w.png\",\"contentUrl\":\"https:\\\/\\\/www.ferrangarreta.com\\\/wp-content\\\/uploads\\\/2023\\\/02\\\/ferran-garreta-logo-w.png\",\"width\":1003,\"height\":184,\"caption\":\"Ferran Garreta\"},\"image\":{\"@id\":\"https:\\\/\\\/www.ferrangarreta.com\\\/fr\\\/#\\\/schema\\\/logo\\\/image\\\/\"}}]}<\/script>\n<!-- \/ Yoast SEO plugin. -->","yoast_head_json":{"title":"Philosophie - Ferran Garreta","robots":{"index":"index","follow":"follow","max-snippet":"max-snippet:-1","max-image-preview":"max-image-preview:large","max-video-preview":"max-video-preview:-1"},"canonical":"https:\/\/www.ferrangarreta.com\/fr\/philosophie\/","og_locale":"fr_FR","og_type":"article","og_title":"Philosophie - Ferran Garreta","og_description":"Philosophie La soci\u00e9t\u00e9 Ferran Garreta a mis en place dans sa carri\u00e8re un large \u00e9ventail de disciplines associ\u00e9es au travail des m\u00e9taux artistiques, initiative tout \u00e0 fait inhabituelle. Chacun des membres de la soci\u00e9t\u00e9 a ajout\u00e9 \u00e0 l&rsquo;h\u00e9ritage de sa tradition, de nouvelles modalit\u00e9s permettant une \u00e9volution constante de la soci\u00e9t\u00e9. Ainsi tradition et modernit\u00e9 [&hellip;]","og_url":"https:\/\/www.ferrangarreta.com\/fr\/philosophie\/","og_site_name":"Ferran Garreta","article_modified_time":"2023-12-04T21:24:49+00:00","og_image":[{"url":"https:\/\/www.ferrangarreta.com\/wp-content\/uploads\/2023\/02\/logoferrangarreta-antic.gif","type":"","width":"","height":""}],"twitter_card":"summary_large_image","twitter_misc":{"Dur\u00e9e de lecture estim\u00e9e":"1 minute"},"schema":{"@context":"https:\/\/schema.org","@graph":[{"@type":"WebPage","@id":"https:\/\/www.ferrangarreta.com\/fr\/philosophie\/","url":"https:\/\/www.ferrangarreta.com\/fr\/philosophie\/","name":"Philosophie - Ferran Garreta","isPartOf":{"@id":"https:\/\/www.ferrangarreta.com\/fr\/#website"},"primaryImageOfPage":{"@id":"https:\/\/www.ferrangarreta.com\/fr\/philosophie\/#primaryimage"},"image":{"@id":"https:\/\/www.ferrangarreta.com\/fr\/philosophie\/#primaryimage"},"thumbnailUrl":"https:\/\/www.ferrangarreta.com\/wp-content\/uploads\/2023\/02\/logoferrangarreta-antic.gif","datePublished":"2023-03-15T13:20:45+00:00","dateModified":"2023-12-04T21:24:49+00:00","breadcrumb":{"@id":"https:\/\/www.ferrangarreta.com\/fr\/philosophie\/#breadcrumb"},"inLanguage":"fr-FR","potentialAction":[{"@type":"ReadAction","target":["https:\/\/www.ferrangarreta.com\/fr\/philosophie\/"]}]},{"@type":"ImageObject","inLanguage":"fr-FR","@id":"https:\/\/www.ferrangarreta.com\/fr\/philosophie\/#primaryimage","url":"https:\/\/www.ferrangarreta.com\/wp-content\/uploads\/2023\/02\/logoferrangarreta-antic.gif","contentUrl":"https:\/\/www.ferrangarreta.com\/wp-content\/uploads\/2023\/02\/logoferrangarreta-antic.gif"},{"@type":"BreadcrumbList","@id":"https:\/\/www.ferrangarreta.com\/fr\/philosophie\/#breadcrumb","itemListElement":[{"@type":"ListItem","position":1,"name":"Inici","item":"https:\/\/www.ferrangarreta.com\/fr\/principale\/"},{"@type":"ListItem","position":2,"name":"Philosophie"}]},{"@type":"WebSite","@id":"https:\/\/www.ferrangarreta.com\/fr\/#website","url":"https:\/\/www.ferrangarreta.com\/fr\/","name":"Ferran Garreta","description":"Empresa familiar ubicada a la ciutat de Vic (Barcelona), dedicada al treball de l\u2019aram, el llaut\u00f3, la plata i l\u2019or, de forma art\u00edstica i manual.Ferran Garreta \u00e9s una empresa familiar ubicada a la ciutat de Vic (Barcelona), dedicada al treball de l\u2019aram, el llaut\u00f3, la plata i l\u2019or, de forma art\u00edstica i manual.","publisher":{"@id":"https:\/\/www.ferrangarreta.com\/fr\/#organization"},"potentialAction":[{"@type":"SearchAction","target":{"@type":"EntryPoint","urlTemplate":"https:\/\/www.ferrangarreta.com\/fr\/?s={search_term_string}"},"query-input":{"@type":"PropertyValueSpecification","valueRequired":true,"valueName":"search_term_string"}}],"inLanguage":"fr-FR"},{"@type":"Organization","@id":"https:\/\/www.ferrangarreta.com\/fr\/#organization","name":"Ferran Garreta","url":"https:\/\/www.ferrangarreta.com\/fr\/","logo":{"@type":"ImageObject","inLanguage":"fr-FR","@id":"https:\/\/www.ferrangarreta.com\/fr\/#\/schema\/logo\/image\/","url":"https:\/\/www.ferrangarreta.com\/wp-content\/uploads\/2023\/02\/ferran-garreta-logo-w.png","contentUrl":"https:\/\/www.ferrangarreta.com\/wp-content\/uploads\/2023\/02\/ferran-garreta-logo-w.png","width":1003,"height":184,"caption":"Ferran Garreta"},"image":{"@id":"https:\/\/www.ferrangarreta.com\/fr\/#\/schema\/logo\/image\/"}}]}},"_links":{"self":[{"href":"https:\/\/www.ferrangarreta.com\/fr\/wp-json\/wp\/v2\/pages\/15029","targetHints":{"allow":["GET"]}}],"collection":[{"href":"https:\/\/www.ferrangarreta.com\/fr\/wp-json\/wp\/v2\/pages"}],"about":[{"href":"https:\/\/www.ferrangarreta.com\/fr\/wp-json\/wp\/v2\/types\/page"}],"author":[{"embeddable":true,"href":"https:\/\/www.ferrangarreta.com\/fr\/wp-json\/wp\/v2\/users\/4"}],"replies":[{"embeddable":true,"href":"https:\/\/www.ferrangarreta.com\/fr\/wp-json\/wp\/v2\/comments?post=15029"}],"version-history":[{"count":6,"href":"https:\/\/www.ferrangarreta.com\/fr\/wp-json\/wp\/v2\/pages\/15029\/revisions"}],"predecessor-version":[{"id":16777,"href":"https:\/\/www.ferrangarreta.com\/fr\/wp-json\/wp\/v2\/pages\/15029\/revisions\/16777"}],"wp:attachment":[{"href":"https:\/\/www.ferrangarreta.com\/fr\/wp-json\/wp\/v2\/media?parent=15029"}],"curies":[{"name":"wp","href":"https:\/\/api.w.org\/{rel}","templated":true}]}}