{"id":15093,"date":"2023-03-03T11:42:51","date_gmt":"2023-03-03T11:42:51","guid":{"rendered":"https:\/\/ferrangarreta.net\/politique-relative-aux-cookies\/"},"modified":"2023-05-17T15:23:04","modified_gmt":"2023-05-17T15:23:04","slug":"politique-relative-aux-cookies","status":"publish","type":"page","link":"https:\/\/www.ferrangarreta.com\/fr\/politique-relative-aux-cookies\/","title":{"rendered":"Politique relative aux cookies"},"content":{"rendered":"\t\t<div data-elementor-type=\"wp-page\" data-elementor-id=\"15093\" class=\"elementor elementor-15093 elementor-1381\" data-elementor-post-type=\"page\">\n\t\t\t\t\t\t<section class=\"elementor-section elementor-top-section elementor-element elementor-element-220b660 elementor-section-boxed elementor-section-height-default elementor-section-height-default\" data-id=\"220b660\" data-element_type=\"section\" data-e-type=\"section\">\n\t\t\t\t\t\t<div class=\"elementor-container elementor-column-gap-default\">\n\t\t\t\t\t<div class=\"elementor-column elementor-col-100 elementor-top-column elementor-element elementor-element-35e6b28e\" data-id=\"35e6b28e\" data-element_type=\"column\" data-e-type=\"column\">\n\t\t\t<div class=\"elementor-widget-wrap elementor-element-populated\">\n\t\t\t\t\t\t<div class=\"elementor-element elementor-element-a8738f3 elementor-widget elementor-widget-text-editor\" data-id=\"a8738f3\" data-element_type=\"widget\" data-e-type=\"widget\" data-widget_type=\"text-editor.default\">\n\t\t\t\t<div class=\"elementor-widget-container\">\n\t\t\t\t\t\t\t\t\t<h1><strong>Politique relative aux cookies<\/strong><\/h1>\n<p>Un <em>cookie<\/em> est un petit fichier texte qui est stock\u00e9 dans votre navigateur lorsque vous visitez presque n&rsquo;importe quelle page Web. Son utilit\u00e9 est que le site Web est capable de se souvenir de votre visite lorsque vous revenez sur cette page. Les <em>cookies<\/em> stockent g\u00e9n\u00e9ralement des informations techniques, des pr\u00e9f\u00e9rences personnelles, la personnalisation du contenu, des statistiques d&rsquo;utilisation, des liens vers des r\u00e9seaux sociaux, l&rsquo;acc\u00e8s \u00e0 des comptes d&rsquo;utilisateurs, etc. L&rsquo;objectif du <em>cookie<\/em> est d&rsquo;adapter le contenu du site Web \u00e0 votre profil et \u00e0 vos besoins. Sans les <em>cookies<\/em>, les services offerts par n&rsquo;importe quelle page seraient consid\u00e9rablement r\u00e9duits. Si vous souhaitez consulter plus d&rsquo;informations sur ce que sont les <em>cookies<\/em>, ce qu&rsquo;ils stockent, comment les supprimer, les d\u00e9sactiver, etc., <a href=\"https:\/\/www.ferrangarreta.com\/mas-informacion-sobre-las-cookies\/\">veuillez vous rendre sur ce lien.<\/a><\/p>\n<h2>Cookies utilis\u00e9s sur ce site<\/h2>\n<p>Conform\u00e9ment aux directives de l&rsquo;Agence espagnole de protection des donn\u00e9es, nous proc\u00e9dons \u00e0 la description d\u00e9taill\u00e9e de l&rsquo;utilisation des <em>cookies<\/em> par ce site Web afin de vous informer avec la plus grande pr\u00e9cision possible.<\/p>\n<p>Ce site utilise les <strong>cookies propri\u00e9taires<\/strong> suivants :<\/p>\n<ul>\n<li>Cookies de session, pour garantir que les utilisateurs qui \u00e9crivent des commentaires sur le blog sont des applications humaines et non automatis\u00e9es. De cette mani\u00e8re, le <em>spam<\/em> est combattu.<\/li>\n<\/ul>\n<p>Ce site utilise les <strong>cookies tiers<\/strong> suivants :<\/p>\n<ul>\n<li>Google Analytics : stocke des <em>cookies<\/em> pour pouvoir compiler des statistiques sur le trafic et le volume de visites sur ce site Web. En utilisant ce site Internet, vous consentez express\u00e9ment au traitement des informations vous concernant par Google. Par cons\u00e9quent, l&rsquo;exercice de tout droit \u00e0 cet \u00e9gard doit \u00eatre fait en communiquant directement avec Google.<\/li>\n<li>R\u00e9seaux sociaux : Chaque r\u00e9seau social utilise ses propres <em>cookies<\/em> afin que vous puissiez cliquer sur des boutons de type <em>J&rsquo;aime<\/em> ou <em>Partager<\/em>.<\/li>\n<\/ul>\n<h2>D\u00e9sactivation ou \u00e9limination des cookies<\/h2>\n<p>\u00c0 tout moment, vous pouvez exercer votre droit de d\u00e9sactiver ou d&rsquo;\u00e9liminer les cookies de ce site Web. Ces actions sont effectu\u00e9es diff\u00e9remment selon le navigateur que vous utilisez. <a href=\"https:\/\/www.ferrangarreta.com\/mas-informacion-sobre-las-cookies\/#navegadores\">Voici un guide rapide des navigateurs les plus populaires.<\/a><\/p>\n<h2>Notes compl\u00e9mentaires<\/h2>\n<ul>\n<li>Ni ce site Web ni ses repr\u00e9sentants l\u00e9gaux ne sont responsables du contenu ou de la v\u00e9racit\u00e9 des politiques de confidentialit\u00e9 que les tiers mentionn\u00e9s dans cette politique de <em>cookies<\/em> peuvent avoir.<\/li>\n<li>Les navigateurs Web sont les outils charg\u00e9s de stocker les <em>cookies<\/em> et \u00e0 partir de cet endroit, vous devez exercer votre droit de les supprimer ou de les d\u00e9sactiver. Ni ce site Web ni ses repr\u00e9sentants l\u00e9gaux ne peuvent garantir le traitement correct ou incorrect des <em>cookies<\/em> par les navigateurs susmentionn\u00e9s.<\/li>\n<li>Dans certains cas, il est n\u00e9cessaire d&rsquo;installer des <em>cookies<\/em> afin que le navigateur n&rsquo;oublie pas votre d\u00e9cision de ne pas les accepter.<\/li>\n<li>Dans le cas des <em>cookies<\/em> de Google Analytics, cette soci\u00e9t\u00e9 stocke des <em>cookies<\/em> sur des serveurs situ\u00e9s aux \u00c9tats-Unis et s&rsquo;engage \u00e0 ne pas les partager avec des tiers, sauf dans les cas o\u00f9 cela est n\u00e9cessaire au fonctionnement du syst\u00e8me ou lorsque la loi l&rsquo;exige. Selon Google, il ne stocke pas votre adresse IP. Google Inc. est une soci\u00e9t\u00e9 adh\u00e9rant \u00e0 l&rsquo;accord Safe Harbor qui garantit que toutes les donn\u00e9es transf\u00e9r\u00e9es seront trait\u00e9es avec un niveau de protection conforme \u00e0 la r\u00e9glementation europ\u00e9enne. Vous pouvez consulter des informations d\u00e9taill\u00e9es \u00e0 ce sujet <a href=\"http:\/\/safeharbor.export.gov\/companyinfo.aspx?id=16626\" target=\"_blank\" rel=\"noopener\">sur ce lien.<\/a> Si vous souhaitez des informations sur l&rsquo;utilisation que Google fait des cookies, <a href=\"https:\/\/developers.google.com\/analytics\/devguides\/collection\/analyticsjs\/cookie-usage?hl=es&amp;csw=1\" target=\"_blank\" rel=\"noopener\">nous joignons cet autre lien.<\/a><\/li>\n<li>Pour toute question ou requ\u00eate concernant cette politique de <em>cookies<\/em>, n&rsquo;h\u00e9sitez pas \u00e0 nous contacter via la rubrique contact.<\/li>\n<\/ul>\n<p>Cookie Advisor est un <a href=\"http:\/\/wordpress.org\/plugins\/asesor-cookies-para-la-ley-en-espana\/\" target=\"_blank\" rel=\"noopener\">plugin pour WordPress<\/a><\/p>\n\t\t\t\t\t\t\t\t<\/div>\n\t\t\t\t<\/div>\n\t\t\t\t\t<\/div>\n\t\t<\/div>\n\t\t\t\t\t<\/div>\n\t\t<\/section>\n\t\t\t\t<\/div>\n\t\t","protected":false},"excerpt":{"rendered":"<p>Politique relative aux cookies Un cookie est un petit fichier texte qui est stock\u00e9 dans votre navigateur lorsque vous visitez presque n&rsquo;importe quelle page Web. Son utilit\u00e9 est que le site Web est capable de se souvenir de votre visite lorsque vous revenez sur cette page. Les cookies stockent g\u00e9n\u00e9ralement des informations techniques, des pr\u00e9f\u00e9rences [&hellip;]<\/p>\n","protected":false},"author":4,"featured_media":0,"parent":0,"menu_order":0,"comment_status":"closed","ping_status":"closed","template":"","meta":{"footnotes":""},"class_list":["post-15093","page","type-page","status-publish","hentry"],"yoast_head":"<!-- This site is optimized with the Yoast SEO plugin v27.3 - https:\/\/yoast.com\/product\/yoast-seo-wordpress\/ -->\n<title>Politique relative aux cookies - Ferran Garreta<\/title>\n<meta name=\"robots\" content=\"index, follow, max-snippet:-1, max-image-preview:large, max-video-preview:-1\" \/>\n<link rel=\"canonical\" href=\"https:\/\/www.ferrangarreta.com\/fr\/politique-relative-aux-cookies\/\" \/>\n<meta property=\"og:locale\" content=\"fr_FR\" \/>\n<meta property=\"og:type\" content=\"article\" \/>\n<meta property=\"og:title\" content=\"Politique relative aux cookies - Ferran Garreta\" \/>\n<meta property=\"og:description\" content=\"Politique relative aux cookies Un cookie est un petit fichier texte qui est stock\u00e9 dans votre navigateur lorsque vous visitez presque n&rsquo;importe quelle page Web. Son utilit\u00e9 est que le site Web est capable de se souvenir de votre visite lorsque vous revenez sur cette page. Les cookies stockent g\u00e9n\u00e9ralement des informations techniques, des pr\u00e9f\u00e9rences [&hellip;]\" \/>\n<meta property=\"og:url\" content=\"https:\/\/www.ferrangarreta.com\/fr\/politique-relative-aux-cookies\/\" \/>\n<meta property=\"og:site_name\" content=\"Ferran Garreta\" \/>\n<meta property=\"article:modified_time\" content=\"2023-05-17T15:23:04+00:00\" \/>\n<meta name=\"twitter:card\" content=\"summary_large_image\" \/>\n<meta name=\"twitter:label1\" content=\"Dur\u00e9e de lecture estim\u00e9e\" \/>\n\t<meta name=\"twitter:data1\" content=\"3 minutes\" \/>\n<script type=\"application\/ld+json\" class=\"yoast-schema-graph\">{\"@context\":\"https:\\\/\\\/schema.org\",\"@graph\":[{\"@type\":\"WebPage\",\"@id\":\"https:\\\/\\\/www.ferrangarreta.com\\\/fr\\\/politique-relative-aux-cookies\\\/\",\"url\":\"https:\\\/\\\/www.ferrangarreta.com\\\/fr\\\/politique-relative-aux-cookies\\\/\",\"name\":\"Politique relative aux cookies - Ferran Garreta\",\"isPartOf\":{\"@id\":\"https:\\\/\\\/www.ferrangarreta.com\\\/fr\\\/#website\"},\"datePublished\":\"2023-03-03T11:42:51+00:00\",\"dateModified\":\"2023-05-17T15:23:04+00:00\",\"breadcrumb\":{\"@id\":\"https:\\\/\\\/www.ferrangarreta.com\\\/fr\\\/politique-relative-aux-cookies\\\/#breadcrumb\"},\"inLanguage\":\"fr-FR\",\"potentialAction\":[{\"@type\":\"ReadAction\",\"target\":[\"https:\\\/\\\/www.ferrangarreta.com\\\/fr\\\/politique-relative-aux-cookies\\\/\"]}]},{\"@type\":\"BreadcrumbList\",\"@id\":\"https:\\\/\\\/www.ferrangarreta.com\\\/fr\\\/politique-relative-aux-cookies\\\/#breadcrumb\",\"itemListElement\":[{\"@type\":\"ListItem\",\"position\":1,\"name\":\"Inici\",\"item\":\"https:\\\/\\\/www.ferrangarreta.com\\\/fr\\\/principale\\\/\"},{\"@type\":\"ListItem\",\"position\":2,\"name\":\"Politique relative aux cookies\"}]},{\"@type\":\"WebSite\",\"@id\":\"https:\\\/\\\/www.ferrangarreta.com\\\/fr\\\/#website\",\"url\":\"https:\\\/\\\/www.ferrangarreta.com\\\/fr\\\/\",\"name\":\"Ferran Garreta\",\"description\":\"Empresa familiar ubicada a la ciutat de Vic (Barcelona), dedicada al treball de l\u2019aram, el llaut\u00f3, la plata i l\u2019or, de forma art\u00edstica i manual.Ferran Garreta \u00e9s una empresa familiar ubicada a la ciutat de Vic (Barcelona), dedicada al treball de l\u2019aram, el llaut\u00f3, la plata i l\u2019or, de forma art\u00edstica i manual.\",\"publisher\":{\"@id\":\"https:\\\/\\\/www.ferrangarreta.com\\\/fr\\\/#organization\"},\"potentialAction\":[{\"@type\":\"SearchAction\",\"target\":{\"@type\":\"EntryPoint\",\"urlTemplate\":\"https:\\\/\\\/www.ferrangarreta.com\\\/fr\\\/?s={search_term_string}\"},\"query-input\":{\"@type\":\"PropertyValueSpecification\",\"valueRequired\":true,\"valueName\":\"search_term_string\"}}],\"inLanguage\":\"fr-FR\"},{\"@type\":\"Organization\",\"@id\":\"https:\\\/\\\/www.ferrangarreta.com\\\/fr\\\/#organization\",\"name\":\"Ferran Garreta\",\"url\":\"https:\\\/\\\/www.ferrangarreta.com\\\/fr\\\/\",\"logo\":{\"@type\":\"ImageObject\",\"inLanguage\":\"fr-FR\",\"@id\":\"https:\\\/\\\/www.ferrangarreta.com\\\/fr\\\/#\\\/schema\\\/logo\\\/image\\\/\",\"url\":\"https:\\\/\\\/www.ferrangarreta.com\\\/wp-content\\\/uploads\\\/2023\\\/02\\\/ferran-garreta-logo-w.png\",\"contentUrl\":\"https:\\\/\\\/www.ferrangarreta.com\\\/wp-content\\\/uploads\\\/2023\\\/02\\\/ferran-garreta-logo-w.png\",\"width\":1003,\"height\":184,\"caption\":\"Ferran Garreta\"},\"image\":{\"@id\":\"https:\\\/\\\/www.ferrangarreta.com\\\/fr\\\/#\\\/schema\\\/logo\\\/image\\\/\"}}]}<\/script>\n<!-- \/ Yoast SEO plugin. -->","yoast_head_json":{"title":"Politique relative aux cookies - Ferran Garreta","robots":{"index":"index","follow":"follow","max-snippet":"max-snippet:-1","max-image-preview":"max-image-preview:large","max-video-preview":"max-video-preview:-1"},"canonical":"https:\/\/www.ferrangarreta.com\/fr\/politique-relative-aux-cookies\/","og_locale":"fr_FR","og_type":"article","og_title":"Politique relative aux cookies - Ferran Garreta","og_description":"Politique relative aux cookies Un cookie est un petit fichier texte qui est stock\u00e9 dans votre navigateur lorsque vous visitez presque n&rsquo;importe quelle page Web. Son utilit\u00e9 est que le site Web est capable de se souvenir de votre visite lorsque vous revenez sur cette page. Les cookies stockent g\u00e9n\u00e9ralement des informations techniques, des pr\u00e9f\u00e9rences [&hellip;]","og_url":"https:\/\/www.ferrangarreta.com\/fr\/politique-relative-aux-cookies\/","og_site_name":"Ferran Garreta","article_modified_time":"2023-05-17T15:23:04+00:00","twitter_card":"summary_large_image","twitter_misc":{"Dur\u00e9e de lecture estim\u00e9e":"3 minutes"},"schema":{"@context":"https:\/\/schema.org","@graph":[{"@type":"WebPage","@id":"https:\/\/www.ferrangarreta.com\/fr\/politique-relative-aux-cookies\/","url":"https:\/\/www.ferrangarreta.com\/fr\/politique-relative-aux-cookies\/","name":"Politique relative aux cookies - Ferran Garreta","isPartOf":{"@id":"https:\/\/www.ferrangarreta.com\/fr\/#website"},"datePublished":"2023-03-03T11:42:51+00:00","dateModified":"2023-05-17T15:23:04+00:00","breadcrumb":{"@id":"https:\/\/www.ferrangarreta.com\/fr\/politique-relative-aux-cookies\/#breadcrumb"},"inLanguage":"fr-FR","potentialAction":[{"@type":"ReadAction","target":["https:\/\/www.ferrangarreta.com\/fr\/politique-relative-aux-cookies\/"]}]},{"@type":"BreadcrumbList","@id":"https:\/\/www.ferrangarreta.com\/fr\/politique-relative-aux-cookies\/#breadcrumb","itemListElement":[{"@type":"ListItem","position":1,"name":"Inici","item":"https:\/\/www.ferrangarreta.com\/fr\/principale\/"},{"@type":"ListItem","position":2,"name":"Politique relative aux cookies"}]},{"@type":"WebSite","@id":"https:\/\/www.ferrangarreta.com\/fr\/#website","url":"https:\/\/www.ferrangarreta.com\/fr\/","name":"Ferran Garreta","description":"Empresa familiar ubicada a la ciutat de Vic (Barcelona), dedicada al treball de l\u2019aram, el llaut\u00f3, la plata i l\u2019or, de forma art\u00edstica i manual.Ferran Garreta \u00e9s una empresa familiar ubicada a la ciutat de Vic (Barcelona), dedicada al treball de l\u2019aram, el llaut\u00f3, la plata i l\u2019or, de forma art\u00edstica i manual.","publisher":{"@id":"https:\/\/www.ferrangarreta.com\/fr\/#organization"},"potentialAction":[{"@type":"SearchAction","target":{"@type":"EntryPoint","urlTemplate":"https:\/\/www.ferrangarreta.com\/fr\/?s={search_term_string}"},"query-input":{"@type":"PropertyValueSpecification","valueRequired":true,"valueName":"search_term_string"}}],"inLanguage":"fr-FR"},{"@type":"Organization","@id":"https:\/\/www.ferrangarreta.com\/fr\/#organization","name":"Ferran Garreta","url":"https:\/\/www.ferrangarreta.com\/fr\/","logo":{"@type":"ImageObject","inLanguage":"fr-FR","@id":"https:\/\/www.ferrangarreta.com\/fr\/#\/schema\/logo\/image\/","url":"https:\/\/www.ferrangarreta.com\/wp-content\/uploads\/2023\/02\/ferran-garreta-logo-w.png","contentUrl":"https:\/\/www.ferrangarreta.com\/wp-content\/uploads\/2023\/02\/ferran-garreta-logo-w.png","width":1003,"height":184,"caption":"Ferran Garreta"},"image":{"@id":"https:\/\/www.ferrangarreta.com\/fr\/#\/schema\/logo\/image\/"}}]}},"_links":{"self":[{"href":"https:\/\/www.ferrangarreta.com\/fr\/wp-json\/wp\/v2\/pages\/15093","targetHints":{"allow":["GET"]}}],"collection":[{"href":"https:\/\/www.ferrangarreta.com\/fr\/wp-json\/wp\/v2\/pages"}],"about":[{"href":"https:\/\/www.ferrangarreta.com\/fr\/wp-json\/wp\/v2\/types\/page"}],"author":[{"embeddable":true,"href":"https:\/\/www.ferrangarreta.com\/fr\/wp-json\/wp\/v2\/users\/4"}],"replies":[{"embeddable":true,"href":"https:\/\/www.ferrangarreta.com\/fr\/wp-json\/wp\/v2\/comments?post=15093"}],"version-history":[{"count":1,"href":"https:\/\/www.ferrangarreta.com\/fr\/wp-json\/wp\/v2\/pages\/15093\/revisions"}],"predecessor-version":[{"id":15094,"href":"https:\/\/www.ferrangarreta.com\/fr\/wp-json\/wp\/v2\/pages\/15093\/revisions\/15094"}],"wp:attachment":[{"href":"https:\/\/www.ferrangarreta.com\/fr\/wp-json\/wp\/v2\/media?parent=15093"}],"curies":[{"name":"wp","href":"https:\/\/api.w.org\/{rel}","templated":true}]}}