{"id":15097,"date":"2023-03-15T12:54:40","date_gmt":"2023-03-15T12:54:40","guid":{"rendered":"https:\/\/ferrangarreta.net\/origines\/"},"modified":"2023-11-30T20:20:44","modified_gmt":"2023-11-30T20:20:44","slug":"origines","status":"publish","type":"page","link":"https:\/\/www.ferrangarreta.com\/fr\/origines\/","title":{"rendered":"Origines"},"content":{"rendered":"\t\t<div data-elementor-type=\"wp-page\" data-elementor-id=\"15097\" class=\"elementor elementor-15097 elementor-1478\" data-elementor-post-type=\"page\">\n\t\t\t\t\t\t<section class=\"elementor-section elementor-top-section elementor-element elementor-element-07422a4 elementor-section-full_width elementor-section-height-min-height elementor-section-height-default elementor-section-items-middle\" data-id=\"07422a4\" data-element_type=\"section\" data-e-type=\"section\">\n\t\t\t\t\t\t<div class=\"elementor-container elementor-column-gap-default\">\n\t\t\t\t\t<div class=\"elementor-column elementor-col-100 elementor-top-column elementor-element elementor-element-929a01d\" data-id=\"929a01d\" data-element_type=\"column\" data-e-type=\"column\">\n\t\t\t<div class=\"elementor-widget-wrap elementor-element-populated\">\n\t\t\t\t\t\t<div class=\"elementor-element elementor-element-b2e9ac4 elementor--h-position-center elementor--v-position-middle elementor-arrows-position-inside elementor-pagination-position-inside elementor-widget elementor-widget-slides\" data-id=\"b2e9ac4\" data-element_type=\"widget\" data-e-type=\"widget\" data-settings=\"{&quot;navigation&quot;:&quot;both&quot;,&quot;autoplay&quot;:&quot;yes&quot;,&quot;pause_on_hover&quot;:&quot;yes&quot;,&quot;pause_on_interaction&quot;:&quot;yes&quot;,&quot;autoplay_speed&quot;:5000,&quot;infinite&quot;:&quot;yes&quot;,&quot;transition&quot;:&quot;slide&quot;,&quot;transition_speed&quot;:500}\" data-widget_type=\"slides.default\">\n\t\t\t\t<div class=\"elementor-widget-container\">\n\t\t\t\t\t\t\t\t\t<div class=\"elementor-swiper\">\n\t\t\t\t\t<div class=\"elementor-slides-wrapper elementor-main-swiper swiper\" role=\"region\" aria-roledescription=\"carousel\" aria-label=\"Diapositives\" dir=\"ltr\" data-animation=\"fadeInUp\">\n\t\t\t\t<div class=\"swiper-wrapper elementor-slides\">\n\t\t\t\t\t\t\t\t\t\t<div class=\"elementor-repeater-item-85eb97b swiper-slide\" role=\"group\" aria-roledescription=\"slide\"><div class=\"swiper-slide-bg\" role=\"img\" aria-label=\"origens-header-6\"><\/div><div class=\"swiper-slide-inner\" ><div class=\"swiper-slide-contents\"><div class=\"elementor-slide-heading\">Origines<\/div><\/div><\/div><\/div>\t\t\t\t<\/div>\n\t\t\t\t\t\t\t<\/div>\n\t\t\t\t<\/div>\n\t\t\t\t\t\t\t\t<\/div>\n\t\t\t\t<\/div>\n\t\t\t\t\t<\/div>\n\t\t<\/div>\n\t\t\t\t\t<\/div>\n\t\t<\/section>\n\t\t\t\t<section class=\"elementor-section elementor-top-section elementor-element elementor-element-35b51f9 elementor-section-full_width elementor-section-height-default elementor-section-height-default\" data-id=\"35b51f9\" data-element_type=\"section\" data-e-type=\"section\">\n\t\t\t\t\t\t<div class=\"elementor-container elementor-column-gap-default\">\n\t\t\t\t\t<div class=\"elementor-column elementor-col-100 elementor-top-column elementor-element elementor-element-6f9f1cf\" data-id=\"6f9f1cf\" data-element_type=\"column\" data-e-type=\"column\">\n\t\t\t<div class=\"elementor-widget-wrap elementor-element-populated\">\n\t\t\t\t\t\t<section class=\"elementor-section elementor-inner-section elementor-element elementor-element-af67f02 elementor-section-boxed elementor-section-height-default elementor-section-height-default\" data-id=\"af67f02\" data-element_type=\"section\" data-e-type=\"section\">\n\t\t\t\t\t\t<div class=\"elementor-container elementor-column-gap-default\">\n\t\t\t\t\t<div class=\"elementor-column elementor-col-100 elementor-inner-column elementor-element elementor-element-68c7501\" data-id=\"68c7501\" data-element_type=\"column\" data-e-type=\"column\">\n\t\t\t<div class=\"elementor-widget-wrap elementor-element-populated\">\n\t\t\t\t\t\t<div class=\"elementor-element elementor-element-5cfc4d2 elementor-widget elementor-widget-heading\" data-id=\"5cfc4d2\" data-element_type=\"widget\" data-e-type=\"widget\" data-widget_type=\"heading.default\">\n\t\t\t\t<div class=\"elementor-widget-container\">\n\t\t\t\t\t<h2 class=\"elementor-heading-title elementor-size-default\">Ferran Garreta\nest une soci\u00e9t\u00e9\nsitu\u00e9e\ndans la ville de Vic\n(Barcelona),\nqui se consacre \u00e0 l'ouvrage\ndu cuivre, du laiton,\nde l\u2019argent et de l\u2019or,\nde fa\u00e7on artistique\net manuelle.<\/h2>\t\t\t\t<\/div>\n\t\t\t\t<\/div>\n\t\t\t\t<div class=\"elementor-element elementor-element-edda666 elementor-widget elementor-widget-text-editor\" data-id=\"edda666\" data-element_type=\"widget\" data-e-type=\"widget\" data-widget_type=\"text-editor.default\">\n\t\t\t\t<div class=\"elementor-widget-container\">\n\t\t\t\t\t\t\t\t\t<p>Les travaux r\u00e9alis\u00e9s sont tr\u00e8s diversifi\u00e9s. Il s&rsquo;agit d&rsquo;une entreprise de plus de 130 ans d\u2019\u00e2ge dans laquelle chaque g\u00e9n\u00e9ration a introduit de nouvelles techniques li\u00e9es au m\u00e9tier du travail des m\u00e9taux.<\/p>\n<p>La soci\u00e9t\u00e9 est fond\u00e9e en 1892 par Bonaventura Garreta. Initialement, l&rsquo;activit\u00e9 principale est la cr\u00e9ation d&rsquo;objets en cuivre d&rsquo;usage quotidien tels que cruches, marmites, po\u00eales, casseroles et chaudrons.<\/p>\n<p>Initialement, l&rsquo;activit\u00e9 principale est la cr\u00e9ation d&rsquo;objets en cuivre d&rsquo;usage quotidien tels que cruches, marmites, po\u00eales, casseroles et chaudrons. \u00c0 partir de nombreuses commandes, il effectue une multitude de travaux sur des t\u00f4les de cuivre, laiton et argent, en d\u00e9corant des salles, chambres, jardins et espaces ouverts. Parmi ces pi\u00e8ces, on trouve la croix majestueuse du ma\u00eetre-autel de la Cath\u00e9drale de Vic. L\u2019ouvrage du ma\u00eetre est reconnu par des prix prestigieux provenant de plusieurs expositions d&rsquo;art nationales et internationales entre 1940 et 1976.<\/p>\n<p>La nouvelle g\u00e9n\u00e9ration est repr\u00e9sent\u00e9e par Ferran Garreta, ma\u00eetre artisan en relief, cisel\u00e9 et fer forg\u00e9. Outre les t\u00e2ches de l&rsquo;atelier de fabrication, il cr\u00e9e de grandes sculptures de cuivre et de laiton, de nombreuses oeuvres en fer forg\u00e9 et ajoute la restauration d&rsquo;objets antiques de grande valeur.<\/p>\n\t\t\t\t\t\t\t\t<\/div>\n\t\t\t\t<\/div>\n\t\t\t\t<div class=\"elementor-element elementor-element-911e9a3 elementor-widget elementor-widget-text-editor\" data-id=\"911e9a3\" data-element_type=\"widget\" data-e-type=\"widget\" data-widget_type=\"text-editor.default\">\n\t\t\t\t<div class=\"elementor-widget-container\">\n\t\t\t\t\t\t\t\t\t<p>Il ma\u00eetrise la technique du repouss\u00e9 et cisel\u00e9 pour l&rsquo;art du portrait, le paysage et la nature morte. Entre autres projets, il r\u00e9alise des \u00e9criteaux, des blasons h\u00e9raldiques et des objets liturgiques, tels que des calices, des tabernacles et des fonts baptismaux. Il fabrique \u00e9galement divers mod\u00e8les d&rsquo;armures inspir\u00e9es de l&rsquo;antiquit\u00e9.<\/p>\n<p>Actuellement, et \u00e0 la quatri\u00e8me g\u00e9n\u00e9ration, Carme et S\u00edlvia Garreta poursuivent ce travail artistique.<\/p>\n<p>Carme Garreta, sp\u00e9cialiste en sculpture et en \u00e9maillerie, introduit la couleur sur les m\u00e9taux en utilisant la technique de l&rsquo;\u00e9mail au feu sur m\u00e9tal, technique ancienne appliqu\u00e9e sur le cuivre, l&rsquo;argent et l&rsquo;or. Elle a re\u00e7u le \u00abPrix National de m\u00e9tal \u00e9maill\u00e9 au feu\u00bb \u00e0 la septi\u00e8me Biennale Internationale de l&rsquo;\u00e9mail \u00e0 Salou (2007), et effectue des pi\u00e8ces o\u00f9 l\u2019\u00e9mail partage le r\u00f4le principal avec les m\u00e9taux nobles et les pierres pr\u00e9cieuses.<\/p>\n<p>S\u00edlvia Garreta, sp\u00e9cialiste en joaillerie, conception de bijoux, gemmologie, gravure et sertissage, ouvre un nouvel horizon et l&rsquo;enrichit dans les finitions des pi\u00e8ces de culte et d&rsquo;ornementation. Sa contribution est bas\u00e9e sur la cr\u00e9ation de pi\u00e8ces de grande difficult\u00e9 technique et de design exclusif.<\/p>\n<p>C&rsquo;est gr\u00e2ce au travail d&rsquo;\u00e9quipe que tous ces arts vari\u00e9s entrent en dialogue afin de fournir un produit fait \u00e0 la main, personnalis\u00e9 et artistique.<\/p>\n\t\t\t\t\t\t\t\t<\/div>\n\t\t\t\t<\/div>\n\t\t\t\t\t<\/div>\n\t\t<\/div>\n\t\t\t\t\t<\/div>\n\t\t<\/section>\n\t\t\t\t\t<\/div>\n\t\t<\/div>\n\t\t\t\t\t<\/div>\n\t\t<\/section>\n\t\t\t\t<\/div>\n\t\t","protected":false},"excerpt":{"rendered":"<p>Origines Ferran Garreta est une soci\u00e9t\u00e9 situ\u00e9e dans la ville de Vic (Barcelona), qui se consacre \u00e0 l&rsquo;ouvrage du cuivre, du laiton, de l\u2019argent et de l\u2019or, de fa\u00e7on artistique et manuelle. Les travaux r\u00e9alis\u00e9s sont tr\u00e8s diversifi\u00e9s. Il s&rsquo;agit d&rsquo;une entreprise de plus de 130 ans d\u2019\u00e2ge dans laquelle chaque g\u00e9n\u00e9ration a introduit de [&hellip;]<\/p>\n","protected":false},"author":4,"featured_media":0,"parent":0,"menu_order":0,"comment_status":"closed","ping_status":"closed","template":"","meta":{"footnotes":""},"class_list":["post-15097","page","type-page","status-publish","hentry"],"yoast_head":"<!-- This site is optimized with the Yoast SEO plugin v27.3 - https:\/\/yoast.com\/product\/yoast-seo-wordpress\/ -->\n<title>Origines - Ferran Garreta<\/title>\n<meta name=\"robots\" content=\"index, follow, max-snippet:-1, max-image-preview:large, max-video-preview:-1\" \/>\n<link rel=\"canonical\" href=\"https:\/\/www.ferrangarreta.com\/fr\/origines\/\" \/>\n<meta property=\"og:locale\" content=\"fr_FR\" \/>\n<meta property=\"og:type\" content=\"article\" \/>\n<meta property=\"og:title\" content=\"Origines - Ferran Garreta\" \/>\n<meta property=\"og:description\" content=\"Origines Ferran Garreta est une soci\u00e9t\u00e9 situ\u00e9e dans la ville de Vic (Barcelona), qui se consacre \u00e0 l&rsquo;ouvrage du cuivre, du laiton, de l\u2019argent et de l\u2019or, de fa\u00e7on artistique et manuelle. Les travaux r\u00e9alis\u00e9s sont tr\u00e8s diversifi\u00e9s. Il s&rsquo;agit d&rsquo;une entreprise de plus de 130 ans d\u2019\u00e2ge dans laquelle chaque g\u00e9n\u00e9ration a introduit de [&hellip;]\" \/>\n<meta property=\"og:url\" content=\"https:\/\/www.ferrangarreta.com\/fr\/origines\/\" \/>\n<meta property=\"og:site_name\" content=\"Ferran Garreta\" \/>\n<meta property=\"article:modified_time\" content=\"2023-11-30T20:20:44+00:00\" \/>\n<meta name=\"twitter:card\" content=\"summary_large_image\" \/>\n<meta name=\"twitter:label1\" content=\"Dur\u00e9e de lecture estim\u00e9e\" \/>\n\t<meta name=\"twitter:data1\" content=\"2 minutes\" \/>\n<script type=\"application\/ld+json\" class=\"yoast-schema-graph\">{\"@context\":\"https:\\\/\\\/schema.org\",\"@graph\":[{\"@type\":\"WebPage\",\"@id\":\"https:\\\/\\\/www.ferrangarreta.com\\\/fr\\\/origines\\\/\",\"url\":\"https:\\\/\\\/www.ferrangarreta.com\\\/fr\\\/origines\\\/\",\"name\":\"Origines - Ferran Garreta\",\"isPartOf\":{\"@id\":\"https:\\\/\\\/www.ferrangarreta.com\\\/fr\\\/#website\"},\"datePublished\":\"2023-03-15T12:54:40+00:00\",\"dateModified\":\"2023-11-30T20:20:44+00:00\",\"breadcrumb\":{\"@id\":\"https:\\\/\\\/www.ferrangarreta.com\\\/fr\\\/origines\\\/#breadcrumb\"},\"inLanguage\":\"fr-FR\",\"potentialAction\":[{\"@type\":\"ReadAction\",\"target\":[\"https:\\\/\\\/www.ferrangarreta.com\\\/fr\\\/origines\\\/\"]}]},{\"@type\":\"BreadcrumbList\",\"@id\":\"https:\\\/\\\/www.ferrangarreta.com\\\/fr\\\/origines\\\/#breadcrumb\",\"itemListElement\":[{\"@type\":\"ListItem\",\"position\":1,\"name\":\"Inici\",\"item\":\"https:\\\/\\\/www.ferrangarreta.com\\\/fr\\\/principale\\\/\"},{\"@type\":\"ListItem\",\"position\":2,\"name\":\"Origines\"}]},{\"@type\":\"WebSite\",\"@id\":\"https:\\\/\\\/www.ferrangarreta.com\\\/fr\\\/#website\",\"url\":\"https:\\\/\\\/www.ferrangarreta.com\\\/fr\\\/\",\"name\":\"Ferran Garreta\",\"description\":\"Empresa familiar ubicada a la ciutat de Vic (Barcelona), dedicada al treball de l\u2019aram, el llaut\u00f3, la plata i l\u2019or, de forma art\u00edstica i manual.Ferran Garreta \u00e9s una empresa familiar ubicada a la ciutat de Vic (Barcelona), dedicada al treball de l\u2019aram, el llaut\u00f3, la plata i l\u2019or, de forma art\u00edstica i manual.\",\"publisher\":{\"@id\":\"https:\\\/\\\/www.ferrangarreta.com\\\/fr\\\/#organization\"},\"potentialAction\":[{\"@type\":\"SearchAction\",\"target\":{\"@type\":\"EntryPoint\",\"urlTemplate\":\"https:\\\/\\\/www.ferrangarreta.com\\\/fr\\\/?s={search_term_string}\"},\"query-input\":{\"@type\":\"PropertyValueSpecification\",\"valueRequired\":true,\"valueName\":\"search_term_string\"}}],\"inLanguage\":\"fr-FR\"},{\"@type\":\"Organization\",\"@id\":\"https:\\\/\\\/www.ferrangarreta.com\\\/fr\\\/#organization\",\"name\":\"Ferran Garreta\",\"url\":\"https:\\\/\\\/www.ferrangarreta.com\\\/fr\\\/\",\"logo\":{\"@type\":\"ImageObject\",\"inLanguage\":\"fr-FR\",\"@id\":\"https:\\\/\\\/www.ferrangarreta.com\\\/fr\\\/#\\\/schema\\\/logo\\\/image\\\/\",\"url\":\"https:\\\/\\\/www.ferrangarreta.com\\\/wp-content\\\/uploads\\\/2023\\\/02\\\/ferran-garreta-logo-w.png\",\"contentUrl\":\"https:\\\/\\\/www.ferrangarreta.com\\\/wp-content\\\/uploads\\\/2023\\\/02\\\/ferran-garreta-logo-w.png\",\"width\":1003,\"height\":184,\"caption\":\"Ferran Garreta\"},\"image\":{\"@id\":\"https:\\\/\\\/www.ferrangarreta.com\\\/fr\\\/#\\\/schema\\\/logo\\\/image\\\/\"}}]}<\/script>\n<!-- \/ Yoast SEO plugin. -->","yoast_head_json":{"title":"Origines - Ferran Garreta","robots":{"index":"index","follow":"follow","max-snippet":"max-snippet:-1","max-image-preview":"max-image-preview:large","max-video-preview":"max-video-preview:-1"},"canonical":"https:\/\/www.ferrangarreta.com\/fr\/origines\/","og_locale":"fr_FR","og_type":"article","og_title":"Origines - Ferran Garreta","og_description":"Origines Ferran Garreta est une soci\u00e9t\u00e9 situ\u00e9e dans la ville de Vic (Barcelona), qui se consacre \u00e0 l&rsquo;ouvrage du cuivre, du laiton, de l\u2019argent et de l\u2019or, de fa\u00e7on artistique et manuelle. Les travaux r\u00e9alis\u00e9s sont tr\u00e8s diversifi\u00e9s. Il s&rsquo;agit d&rsquo;une entreprise de plus de 130 ans d\u2019\u00e2ge dans laquelle chaque g\u00e9n\u00e9ration a introduit de [&hellip;]","og_url":"https:\/\/www.ferrangarreta.com\/fr\/origines\/","og_site_name":"Ferran Garreta","article_modified_time":"2023-11-30T20:20:44+00:00","twitter_card":"summary_large_image","twitter_misc":{"Dur\u00e9e de lecture estim\u00e9e":"2 minutes"},"schema":{"@context":"https:\/\/schema.org","@graph":[{"@type":"WebPage","@id":"https:\/\/www.ferrangarreta.com\/fr\/origines\/","url":"https:\/\/www.ferrangarreta.com\/fr\/origines\/","name":"Origines - Ferran Garreta","isPartOf":{"@id":"https:\/\/www.ferrangarreta.com\/fr\/#website"},"datePublished":"2023-03-15T12:54:40+00:00","dateModified":"2023-11-30T20:20:44+00:00","breadcrumb":{"@id":"https:\/\/www.ferrangarreta.com\/fr\/origines\/#breadcrumb"},"inLanguage":"fr-FR","potentialAction":[{"@type":"ReadAction","target":["https:\/\/www.ferrangarreta.com\/fr\/origines\/"]}]},{"@type":"BreadcrumbList","@id":"https:\/\/www.ferrangarreta.com\/fr\/origines\/#breadcrumb","itemListElement":[{"@type":"ListItem","position":1,"name":"Inici","item":"https:\/\/www.ferrangarreta.com\/fr\/principale\/"},{"@type":"ListItem","position":2,"name":"Origines"}]},{"@type":"WebSite","@id":"https:\/\/www.ferrangarreta.com\/fr\/#website","url":"https:\/\/www.ferrangarreta.com\/fr\/","name":"Ferran Garreta","description":"Empresa familiar ubicada a la ciutat de Vic (Barcelona), dedicada al treball de l\u2019aram, el llaut\u00f3, la plata i l\u2019or, de forma art\u00edstica i manual.Ferran Garreta \u00e9s una empresa familiar ubicada a la ciutat de Vic (Barcelona), dedicada al treball de l\u2019aram, el llaut\u00f3, la plata i l\u2019or, de forma art\u00edstica i manual.","publisher":{"@id":"https:\/\/www.ferrangarreta.com\/fr\/#organization"},"potentialAction":[{"@type":"SearchAction","target":{"@type":"EntryPoint","urlTemplate":"https:\/\/www.ferrangarreta.com\/fr\/?s={search_term_string}"},"query-input":{"@type":"PropertyValueSpecification","valueRequired":true,"valueName":"search_term_string"}}],"inLanguage":"fr-FR"},{"@type":"Organization","@id":"https:\/\/www.ferrangarreta.com\/fr\/#organization","name":"Ferran Garreta","url":"https:\/\/www.ferrangarreta.com\/fr\/","logo":{"@type":"ImageObject","inLanguage":"fr-FR","@id":"https:\/\/www.ferrangarreta.com\/fr\/#\/schema\/logo\/image\/","url":"https:\/\/www.ferrangarreta.com\/wp-content\/uploads\/2023\/02\/ferran-garreta-logo-w.png","contentUrl":"https:\/\/www.ferrangarreta.com\/wp-content\/uploads\/2023\/02\/ferran-garreta-logo-w.png","width":1003,"height":184,"caption":"Ferran Garreta"},"image":{"@id":"https:\/\/www.ferrangarreta.com\/fr\/#\/schema\/logo\/image\/"}}]}},"_links":{"self":[{"href":"https:\/\/www.ferrangarreta.com\/fr\/wp-json\/wp\/v2\/pages\/15097","targetHints":{"allow":["GET"]}}],"collection":[{"href":"https:\/\/www.ferrangarreta.com\/fr\/wp-json\/wp\/v2\/pages"}],"about":[{"href":"https:\/\/www.ferrangarreta.com\/fr\/wp-json\/wp\/v2\/types\/page"}],"author":[{"embeddable":true,"href":"https:\/\/www.ferrangarreta.com\/fr\/wp-json\/wp\/v2\/users\/4"}],"replies":[{"embeddable":true,"href":"https:\/\/www.ferrangarreta.com\/fr\/wp-json\/wp\/v2\/comments?post=15097"}],"version-history":[{"count":7,"href":"https:\/\/www.ferrangarreta.com\/fr\/wp-json\/wp\/v2\/pages\/15097\/revisions"}],"predecessor-version":[{"id":16616,"href":"https:\/\/www.ferrangarreta.com\/fr\/wp-json\/wp\/v2\/pages\/15097\/revisions\/16616"}],"wp:attachment":[{"href":"https:\/\/www.ferrangarreta.com\/fr\/wp-json\/wp\/v2\/media?parent=15097"}],"curies":[{"name":"wp","href":"https:\/\/api.w.org\/{rel}","templated":true}]}}