{"id":15099,"date":"2023-03-03T11:42:47","date_gmt":"2023-03-03T11:42:47","guid":{"rendered":"https:\/\/ferrangarreta.net\/plus-dinformations-sur-les-cookies\/"},"modified":"2023-03-03T11:42:47","modified_gmt":"2023-03-03T11:42:47","slug":"plus-dinformations-sur-les-cookies","status":"publish","type":"page","link":"https:\/\/www.ferrangarreta.com\/fr\/plus-dinformations-sur-les-cookies\/","title":{"rendered":"Plus d&rsquo;informations sur les cookies"},"content":{"rendered":"<h2>Qu&rsquo;est-ce qu&rsquo;un cookie ?<\/h2>\n<p>\n Un <em>cookie<\/em> est un fichier texte <b>iinoffensif<\/b> qui est stock\u00e9 dans votre navigateur lorsque vous visitez presque n&rsquo;importe quelle page Web. Le but du <em>cookie<\/em> est que le site Web puisse se souvenir de votre visite lorsque vous revenez sur cette page. Bien que beaucoup de gens ne le sachent pas, les cookies sont utilis\u00e9s depuis 20 ans, lorsque les premiers navigateurs pour le <em>World Wide Web<\/em> sont apparus.\n<\/p>\n<h2>Qu&rsquo;est-ce qui N&rsquo;EST PAS un cookie ?<\/h2>\n<p>\n Ce n&rsquo;est ni un virus, ni un cheval de Troie, ni un ver, ni un spam, ni un logiciel espion, et n&rsquo;ouvre pas non plus de fen\u00eatres pop-up.\n<\/p>\n<h2>Quelles informations un <em>cookie<\/em> stocke-t-il ?<\/h2>\n<p>\n Les <em>cookies<\/em> ne stockent g\u00e9n\u00e9ralement pas d&rsquo;informations sensibles vous concernant, telles que des cartes de cr\u00e9dit ou des coordonn\u00e9es bancaires, des photographies, votre identit\u00e9 ou des informations personnelles, etc. Les donn\u00e9es qu&rsquo;ils enregistrent sont de nature technique, pr\u00e9f\u00e9rences personnelles, personnalisation du contenu, etc.\n<\/p>\n<p>\n Le serveur Web ne vous associe pas en tant que personne mais \u00e0 votre navigateur Web. En fait, si vous naviguez habituellement avec Internet Explorer et essayez de naviguer sur le m\u00eame site Web avec Firefox ou Chrome, vous verrez que le site Web ne reconna\u00eet pas que vous \u00eates la m\u00eame personne car il s&rsquo;associe en fait au navigateur, pas \u00e0 la personne.\n<\/p>\n<h2>Quels types de <em>cookies<\/em> existent ?<\/h2>\n<\/p>\n<ul>\n<li><em>Cookies<\/em> techniques : Ce sont les plus \u00e9l\u00e9mentaires et permettent, entre autres, de savoir quand un humain ou une application automatis\u00e9e navigue, quand un utilisateur anonyme et enregistr\u00e9 navigue, t\u00e2ches de base pour le fonctionnement de tout site web dynamique.<\/li>\n<li><em>Cookies<\/em> d&rsquo;analyse : Ils collectent des informations sur le type de navigation que vous effectuez, les rubriques que vous utilisez le plus, les produits consult\u00e9s, la plage horaire d&rsquo;utilisation, la langue, etc.<\/li>\n<li><em>Cookies<\/em> publicitaires : ils affichent des publicit\u00e9s en fonction de votre navigation, de votre pays d&rsquo;origine, de votre langue, etc.<\/li>\n<\/ul>\n<h2>Que sont les <em>cookies<\/em> propres et tiers ?<\/h2>\n<p>\n Les <em>cookies propres<\/em> sont ceux g\u00e9n\u00e9r\u00e9s par la page que vous visitez et les <em>cookies tiers<\/em> sont ceux g\u00e9n\u00e9r\u00e9s par des services ou fournisseurs externes tels que Facebook, Twitter, Google, etc.\n<\/p>\n<h2>Que se passe-t-il si je d\u00e9sactive les <em>cookies<\/em>?<\/h2>\n<p>\n Afin que vous compreniez la port\u00e9e de la d\u00e9sactivation des <em>cookies<\/em>, nous vous montrons quelques exemples :\n\t<\/p>\n<ul>\n<li>Vous ne pourrez pas partager le contenu de ce site Web sur Facebook, Twitter ou tout autre r\u00e9seau social.<\/li>\n<li>Le site Web ne pourra pas adapter le contenu \u00e0 vos pr\u00e9f\u00e9rences personnelles, comme cela se produit g\u00e9n\u00e9ralement dans les magasins en ligne.<\/li>\n<li>Vous ne pourrez pas acc\u00e9der \u00e0 l&rsquo;espace personnel de ce site Web, tel que <em>Mon compte<\/em>, <em>Mon profil<\/em> ou <em>Mes commandes.<\/em><\/li>\n<li>Boutiques en ligne : Il sera impossible de faire des achats en ligne, ils devront se faire par t\u00e9l\u00e9phone ou en se rendant dans la boutique physique si elle en poss\u00e8de une.<\/li>\n<li>Il ne sera pas possible de personnaliser vos pr\u00e9f\u00e9rences g\u00e9ographiques telles que le fuseau horaire, la devise ou la langue.<\/li>\n<li>Le site Web ne sera pas en mesure d&rsquo;effectuer des analyses Web sur les visiteurs et le trafic Web, ce qui rendra difficile la comp\u00e9titivit\u00e9 du site Web.<\/li>\n<li>Vous ne pourrez pas \u00e9crire sur le blog, vous ne pourrez pas t\u00e9l\u00e9charger de photos, publier de commentaires, noter ou \u00e9valuer le contenu. Le Web ne pourra pas non plus savoir si vous \u00eates un humain ou une application automatis\u00e9e qui publie du <em>spam<\/em>.<\/li>\n<li>Il ne sera pas possible d&rsquo;afficher de la publicit\u00e9 sectoris\u00e9e, ce qui r\u00e9duira les revenus publicitaires du web.<\/li>\n<li>Tous les r\u00e9seaux sociaux utilisent des <em>cookies<\/em>, si vous les d\u00e9sactivez vous ne pourrez utiliser aucun r\u00e9seau social.<\/li>\n<\/ul>\n<h2>Les <em>cookies<\/em> peuvent-ils \u00eatre supprim\u00e9s?<\/h2>\n<p>\n Oui. Non seulement supprimer, mais \u00e9galement bloquer, g\u00e9n\u00e9ralement ou sp\u00e9cifiquement pour un domaine sp\u00e9cifique.\n<\/p>\n<p>\n Pour supprimer les <em>cookies<\/em> d&rsquo;un site Web, vous devez vous rendre dans les param\u00e8tres de votre navigateur et vous pouvez y rechercher ceux associ\u00e9s au domaine en question et les supprimer.\n<\/p>\n<h2 id=\"navegadores\">Configuration des <em>cookies<\/em> pour les navigateurs les plus populaires<\/h2>\n<p>\n Ci-dessous, nous vous montrons comment acc\u00e9der \u00e0 un <em>cookie<\/em> sp\u00e9cifique \u00e0 partir du navigateur <b>Chrome<\/b>. Remarque : ces \u00e9tapes peuvent varier en fonction de la version du navigateur :\n\t<\/p>\n<ol>\n<li>Allez dans Configuration ou Pr\u00e9f\u00e9rences via le menu Fichier ou en cliquant sur l&rsquo;ic\u00f4ne de personnalisation qui appara\u00eet \u00e0 droite.<\/li>\n<li>Vous verrez diff\u00e9rentes sections, cliquez sur l&rsquo;option <em>Afficher les options avanc\u00e9es<\/em>.<\/li>\n<li>Allez dans <em>Confidentialit\u00e9<\/em>, <em>Param\u00e8tres de contenu.<\/em><\/li>\n<li>S\u00e9lectionnez <em>Tous les <em>cookies<\/em> et donn\u00e9es de site.<\/em><\/li>\n<li>Une liste appara\u00eetra avec tous les <em>cookies<\/em> tri\u00e9s par domaine. Pour faciliter la recherche des <em>cookies<\/em> d&rsquo;un certain domaine, entrez l&rsquo;adresse en partie ou en totalit\u00e9 dans le champ <em>Rechercher les cookies<\/em>.<\/li>\n<li>Apr\u00e8s avoir effectu\u00e9 ce filtre, une ou plusieurs lignes avec les <em>cookies<\/em> du site Web demand\u00e9 appara\u00eetront \u00e0 l&rsquo;\u00e9cran. Il ne vous reste plus qu&rsquo;\u00e0 le s\u00e9lectionner et \u00e0 appuyer sur le <em>X<\/em> pour proc\u00e9der \u00e0 son \u00e9limination.<\/li>\n<\/ol>\n<p>\n Pour acc\u00e9der aux param\u00e8tres des <em>cookies<\/em> du navigateur <b>Internet Explorer<\/b>, suivez ces \u00e9tapes (elles peuvent varier selon la version du navigateur) :\n\t<\/p>\n<ol>\n<li>Allez dans <em>Outils<\/em>, <em>Options Internet<\/em><\/li>\n<li>Cliquez sur <em>Confidentialit\u00e9<\/em>.<\/li>\n<li>D\u00e9placez le curseur pour r\u00e9gler le niveau de confidentialit\u00e9 souhait\u00e9.<\/li>\n<\/ol>\n<p>\n Pour acc\u00e9der \u00e0 la configuration des <em>cookies<\/em> du navigateur <b>Firefox<\/b>, suivez ces \u00e9tapes (elles peuvent varier selon la version du navigateur) :\n\t<\/p>\n<ol>\n<li>Allez dans <em>Options<\/em> ou <em>Pr\u00e9f\u00e9rences<\/em> selon votre syst\u00e8me d&rsquo;exploitation.<\/li>\n<li>Cliquez sur <em>Confidentialit\u00e9<\/em>.<\/li>\n<li>Sous <em>Historique<\/em>, choisissez <em>Utiliser les param\u00e8tres personnalis\u00e9s pour l&rsquo;historique.<\/em><\/li>\n<li>Vous verrez maintenant l&rsquo;option <em>Accepter les cookies<\/em>, vous pouvez l&rsquo;activer ou la d\u00e9sactiver selon vos pr\u00e9f\u00e9rences.<\/li>\n<\/ol>\n<p>\n Pour acc\u00e9der \u00e0 la configuration des <em>cookies<\/em> du navigateur <b>Safari pour OSX<\/b>, suivez ces \u00e9tapes (elles peuvent varier selon la version du navigateur) :\n\t<\/p>\n<ol>\n<li>Allez dans <em>Pr\u00e9f\u00e9rences,<\/em> puis <em>Confidentialit\u00e9<\/em>.<\/li>\n<li>\u00c0 cet endroit, vous verrez l&rsquo;option <em>Bloquer les cookies<\/em> pour ajuster le type de blocage que vous souhaitez effectuer.<\/li>\n<\/ol>\n<p>\n Pour acc\u00e9der aux param\u00e8tres des <em>cookies<\/em> du navigateur <b>Safari pour iOS<\/b>, suivez ces \u00e9tapes (elles peuvent varier selon la version du navigateur) :\n\t<\/p>\n<ol>\n<li>Allez dans <em>Param\u00e8tres<\/em>, puis <em>Safari<\/em>.<\/li>\n<li>Allez dans C<em>onfidentialit\u00e9 et s\u00e9curit\u00e9<\/em>, vous verrez l&rsquo;option <em>Bloquer les cookies<\/em> pour ajuster le type de blocage que vous souhaitez effectuer.<\/li>\n<\/ol>\n<p>\n Pour acc\u00e9der aux param\u00e8tres des <em>cookies<\/em> du navigateur pour les appareils <b>Android<\/b>, suivez ces \u00e9tapes (elles peuvent varier en fonction de la version du navigateur) :\n\t<\/p>\n<ol>\n<li>Lancez le navigateur et appuyez sur la touche <em>Menu,<\/em> puis sur <em>Param\u00e8tres<\/em>.<\/li>\n<li>Allez dans <em>S\u00e9curit\u00e9 et confidentialit\u00e9<\/em>, vous verrez l&rsquo;option <em>Accepter les cookies<\/em> pour activer ou d\u00e9sactiver la case.<\/li>\n<\/ol>\n<p>\n Pour acc\u00e9der aux param\u00e8tres des <em>cookies<\/em> du navigateur pour les appareils <b>Windows Phone<\/b>, suivez ces \u00e9tapes (elles peuvent varier en fonction de la version du navigateur) :\n\t<\/p>\n<ol>\n<li>Ouvrez <em>Internet Explorer<\/em>, puis <em>Plus<\/em>, puis <em>Param\u00e8tres<\/em><\/li>\n<li>Ahora puede activer ou d\u00e9sactiver la case <em>Autoriser les cookies<\/em>.<\/li>\n<\/ol>\n<p>\n Cookies Advisor est un <a href=\"http:\/\/wordpress.org\/plugins\/asesor-cookies-para-la-ley-en-espana\/\" target=\"_blank\" rel=\"noopener\">plugin pour WordPress<\/a><\/p>\n","protected":false},"excerpt":{"rendered":"<p>Qu&rsquo;est-ce qu&rsquo;un cookie ? Un cookie est un fichier texte iinoffensif qui est stock\u00e9 dans votre navigateur lorsque vous visitez presque n&rsquo;importe quelle page Web. Le but du cookie est que le site Web puisse se souvenir de votre visite lorsque vous revenez sur cette page. Bien que beaucoup de gens ne le sachent pas, [&hellip;]<\/p>\n","protected":false},"author":4,"featured_media":0,"parent":0,"menu_order":0,"comment_status":"closed","ping_status":"closed","template":"","meta":{"footnotes":""},"class_list":["post-15099","page","type-page","status-publish","hentry"],"yoast_head":"<!-- This site is optimized with the Yoast SEO plugin v27.4 - https:\/\/yoast.com\/product\/yoast-seo-wordpress\/ -->\n<title>Plus d&#039;informations sur les cookies - Ferran Garreta<\/title>\n<meta name=\"robots\" content=\"index, follow, max-snippet:-1, max-image-preview:large, max-video-preview:-1\" \/>\n<link rel=\"canonical\" href=\"https:\/\/www.ferrangarreta.com\/fr\/plus-dinformations-sur-les-cookies\/\" \/>\n<meta property=\"og:locale\" content=\"fr_FR\" \/>\n<meta property=\"og:type\" content=\"article\" \/>\n<meta property=\"og:title\" content=\"Plus d&#039;informations sur les cookies - Ferran Garreta\" \/>\n<meta property=\"og:description\" content=\"Qu&rsquo;est-ce qu&rsquo;un cookie ? Un cookie est un fichier texte iinoffensif qui est stock\u00e9 dans votre navigateur lorsque vous visitez presque n&rsquo;importe quelle page Web. Le but du cookie est que le site Web puisse se souvenir de votre visite lorsque vous revenez sur cette page. Bien que beaucoup de gens ne le sachent pas, [&hellip;]\" \/>\n<meta property=\"og:url\" content=\"https:\/\/www.ferrangarreta.com\/fr\/plus-dinformations-sur-les-cookies\/\" \/>\n<meta property=\"og:site_name\" content=\"Ferran Garreta\" \/>\n<meta name=\"twitter:card\" content=\"summary_large_image\" \/>\n<meta name=\"twitter:label1\" content=\"Dur\u00e9e de lecture estim\u00e9e\" \/>\n\t<meta name=\"twitter:data1\" content=\"6 minutes\" \/>\n<script type=\"application\/ld+json\" class=\"yoast-schema-graph\">{\"@context\":\"https:\\\/\\\/schema.org\",\"@graph\":[{\"@type\":\"WebPage\",\"@id\":\"https:\\\/\\\/www.ferrangarreta.com\\\/fr\\\/plus-dinformations-sur-les-cookies\\\/\",\"url\":\"https:\\\/\\\/www.ferrangarreta.com\\\/fr\\\/plus-dinformations-sur-les-cookies\\\/\",\"name\":\"Plus d'informations sur les cookies - Ferran Garreta\",\"isPartOf\":{\"@id\":\"https:\\\/\\\/www.ferrangarreta.com\\\/fr\\\/#website\"},\"datePublished\":\"2023-03-03T11:42:47+00:00\",\"breadcrumb\":{\"@id\":\"https:\\\/\\\/www.ferrangarreta.com\\\/fr\\\/plus-dinformations-sur-les-cookies\\\/#breadcrumb\"},\"inLanguage\":\"fr-FR\",\"potentialAction\":[{\"@type\":\"ReadAction\",\"target\":[\"https:\\\/\\\/www.ferrangarreta.com\\\/fr\\\/plus-dinformations-sur-les-cookies\\\/\"]}]},{\"@type\":\"BreadcrumbList\",\"@id\":\"https:\\\/\\\/www.ferrangarreta.com\\\/fr\\\/plus-dinformations-sur-les-cookies\\\/#breadcrumb\",\"itemListElement\":[{\"@type\":\"ListItem\",\"position\":1,\"name\":\"Inici\",\"item\":\"https:\\\/\\\/www.ferrangarreta.com\\\/fr\\\/principale\\\/\"},{\"@type\":\"ListItem\",\"position\":2,\"name\":\"Plus d&rsquo;informations sur les cookies\"}]},{\"@type\":\"WebSite\",\"@id\":\"https:\\\/\\\/www.ferrangarreta.com\\\/fr\\\/#website\",\"url\":\"https:\\\/\\\/www.ferrangarreta.com\\\/fr\\\/\",\"name\":\"Ferran Garreta\",\"description\":\"Empresa familiar ubicada a la ciutat de Vic (Barcelona), dedicada al treball de l\u2019aram, el llaut\u00f3, la plata i l\u2019or, de forma art\u00edstica i manual.Ferran Garreta \u00e9s una empresa familiar ubicada a la ciutat de Vic (Barcelona), dedicada al treball de l\u2019aram, el llaut\u00f3, la plata i l\u2019or, de forma art\u00edstica i manual.\",\"publisher\":{\"@id\":\"https:\\\/\\\/www.ferrangarreta.com\\\/fr\\\/#organization\"},\"potentialAction\":[{\"@type\":\"SearchAction\",\"target\":{\"@type\":\"EntryPoint\",\"urlTemplate\":\"https:\\\/\\\/www.ferrangarreta.com\\\/fr\\\/?s={search_term_string}\"},\"query-input\":{\"@type\":\"PropertyValueSpecification\",\"valueRequired\":true,\"valueName\":\"search_term_string\"}}],\"inLanguage\":\"fr-FR\"},{\"@type\":\"Organization\",\"@id\":\"https:\\\/\\\/www.ferrangarreta.com\\\/fr\\\/#organization\",\"name\":\"Ferran Garreta\",\"url\":\"https:\\\/\\\/www.ferrangarreta.com\\\/fr\\\/\",\"logo\":{\"@type\":\"ImageObject\",\"inLanguage\":\"fr-FR\",\"@id\":\"https:\\\/\\\/www.ferrangarreta.com\\\/fr\\\/#\\\/schema\\\/logo\\\/image\\\/\",\"url\":\"https:\\\/\\\/www.ferrangarreta.com\\\/wp-content\\\/uploads\\\/2023\\\/02\\\/ferran-garreta-logo-w.png\",\"contentUrl\":\"https:\\\/\\\/www.ferrangarreta.com\\\/wp-content\\\/uploads\\\/2023\\\/02\\\/ferran-garreta-logo-w.png\",\"width\":1003,\"height\":184,\"caption\":\"Ferran Garreta\"},\"image\":{\"@id\":\"https:\\\/\\\/www.ferrangarreta.com\\\/fr\\\/#\\\/schema\\\/logo\\\/image\\\/\"}}]}<\/script>\n<!-- \/ Yoast SEO plugin. -->","yoast_head_json":{"title":"Plus d'informations sur les cookies - Ferran Garreta","robots":{"index":"index","follow":"follow","max-snippet":"max-snippet:-1","max-image-preview":"max-image-preview:large","max-video-preview":"max-video-preview:-1"},"canonical":"https:\/\/www.ferrangarreta.com\/fr\/plus-dinformations-sur-les-cookies\/","og_locale":"fr_FR","og_type":"article","og_title":"Plus d'informations sur les cookies - Ferran Garreta","og_description":"Qu&rsquo;est-ce qu&rsquo;un cookie ? Un cookie est un fichier texte iinoffensif qui est stock\u00e9 dans votre navigateur lorsque vous visitez presque n&rsquo;importe quelle page Web. Le but du cookie est que le site Web puisse se souvenir de votre visite lorsque vous revenez sur cette page. Bien que beaucoup de gens ne le sachent pas, [&hellip;]","og_url":"https:\/\/www.ferrangarreta.com\/fr\/plus-dinformations-sur-les-cookies\/","og_site_name":"Ferran Garreta","twitter_card":"summary_large_image","twitter_misc":{"Dur\u00e9e de lecture estim\u00e9e":"6 minutes"},"schema":{"@context":"https:\/\/schema.org","@graph":[{"@type":"WebPage","@id":"https:\/\/www.ferrangarreta.com\/fr\/plus-dinformations-sur-les-cookies\/","url":"https:\/\/www.ferrangarreta.com\/fr\/plus-dinformations-sur-les-cookies\/","name":"Plus d'informations sur les cookies - Ferran Garreta","isPartOf":{"@id":"https:\/\/www.ferrangarreta.com\/fr\/#website"},"datePublished":"2023-03-03T11:42:47+00:00","breadcrumb":{"@id":"https:\/\/www.ferrangarreta.com\/fr\/plus-dinformations-sur-les-cookies\/#breadcrumb"},"inLanguage":"fr-FR","potentialAction":[{"@type":"ReadAction","target":["https:\/\/www.ferrangarreta.com\/fr\/plus-dinformations-sur-les-cookies\/"]}]},{"@type":"BreadcrumbList","@id":"https:\/\/www.ferrangarreta.com\/fr\/plus-dinformations-sur-les-cookies\/#breadcrumb","itemListElement":[{"@type":"ListItem","position":1,"name":"Inici","item":"https:\/\/www.ferrangarreta.com\/fr\/principale\/"},{"@type":"ListItem","position":2,"name":"Plus d&rsquo;informations sur les cookies"}]},{"@type":"WebSite","@id":"https:\/\/www.ferrangarreta.com\/fr\/#website","url":"https:\/\/www.ferrangarreta.com\/fr\/","name":"Ferran Garreta","description":"Empresa familiar ubicada a la ciutat de Vic (Barcelona), dedicada al treball de l\u2019aram, el llaut\u00f3, la plata i l\u2019or, de forma art\u00edstica i manual.Ferran Garreta \u00e9s una empresa familiar ubicada a la ciutat de Vic (Barcelona), dedicada al treball de l\u2019aram, el llaut\u00f3, la plata i l\u2019or, de forma art\u00edstica i manual.","publisher":{"@id":"https:\/\/www.ferrangarreta.com\/fr\/#organization"},"potentialAction":[{"@type":"SearchAction","target":{"@type":"EntryPoint","urlTemplate":"https:\/\/www.ferrangarreta.com\/fr\/?s={search_term_string}"},"query-input":{"@type":"PropertyValueSpecification","valueRequired":true,"valueName":"search_term_string"}}],"inLanguage":"fr-FR"},{"@type":"Organization","@id":"https:\/\/www.ferrangarreta.com\/fr\/#organization","name":"Ferran Garreta","url":"https:\/\/www.ferrangarreta.com\/fr\/","logo":{"@type":"ImageObject","inLanguage":"fr-FR","@id":"https:\/\/www.ferrangarreta.com\/fr\/#\/schema\/logo\/image\/","url":"https:\/\/www.ferrangarreta.com\/wp-content\/uploads\/2023\/02\/ferran-garreta-logo-w.png","contentUrl":"https:\/\/www.ferrangarreta.com\/wp-content\/uploads\/2023\/02\/ferran-garreta-logo-w.png","width":1003,"height":184,"caption":"Ferran Garreta"},"image":{"@id":"https:\/\/www.ferrangarreta.com\/fr\/#\/schema\/logo\/image\/"}}]}},"_links":{"self":[{"href":"https:\/\/www.ferrangarreta.com\/fr\/wp-json\/wp\/v2\/pages\/15099","targetHints":{"allow":["GET"]}}],"collection":[{"href":"https:\/\/www.ferrangarreta.com\/fr\/wp-json\/wp\/v2\/pages"}],"about":[{"href":"https:\/\/www.ferrangarreta.com\/fr\/wp-json\/wp\/v2\/types\/page"}],"author":[{"embeddable":true,"href":"https:\/\/www.ferrangarreta.com\/fr\/wp-json\/wp\/v2\/users\/4"}],"replies":[{"embeddable":true,"href":"https:\/\/www.ferrangarreta.com\/fr\/wp-json\/wp\/v2\/comments?post=15099"}],"version-history":[{"count":0,"href":"https:\/\/www.ferrangarreta.com\/fr\/wp-json\/wp\/v2\/pages\/15099\/revisions"}],"wp:attachment":[{"href":"https:\/\/www.ferrangarreta.com\/fr\/wp-json\/wp\/v2\/media?parent=15099"}],"curies":[{"name":"wp","href":"https:\/\/api.w.org\/{rel}","templated":true}]}}